{"id":9779,"date":"2024-09-23T16:03:50","date_gmt":"2024-09-23T07:03:50","guid":{"rendered":"https:\/\/staging.pilosa.study\/?post_type=product&#038;p=9779"},"modified":"2025-05-15T16:21:00","modified_gmt":"2025-05-15T07:21:00","slug":"sustantivos-alemanes-a1-2","status":"publish","type":"product","link":"https:\/\/pilosa.study\/es\/produkt\/deutsche-nomen-a1-2\/","title":{"rendered":"Selbstlernkurs Deutsche Nomen \u2022 Niveau A1\/A2  (Coming soon ...)"},"content":{"rendered":"<h1><b>Ponte en forma en la gram\u00e1tica del <em>Sustantivos en alem\u00e1n<\/em> en <em>Nivel A1\/A2<\/em>\u00a0<\/b><\/h1>\n<p class=\"p2\">\u00bfLe gustar\u00eda dominar la lengua alemana desde cero? Nuestro curso autodid\u00e1ctico \"Sustantivos alemanes - nivel A1\/A2\" le ofrece la base perfecta. Bas\u00e1ndonos en el Marco Com\u00fan Europeo de Referencia para las Lenguas (MCER), le ense\u00f1aremos las sutilezas de los sustantivos alemanes, desde el g\u00e9nero y la declinaci\u00f3n hasta el singular y el plural: todo le resultar\u00e1 comprensible y f\u00e1cil de poner en pr\u00e1ctica.<\/p>\n<h2 class=\"p4\">Qu\u00e9 te ofrece el curso:<\/h2>\n<ul class=\"ul1\">\n<li class=\"li2\">Tareas interactivas: Emocionantes ejercicios pr\u00e1cticos repartidos en tres m\u00f3dulos.<\/li>\n<li class=\"li2\">Tablas y l\u00e1minas de declinaci\u00f3n: El material did\u00e1ctico visual ayuda a comprender mejor los conceptos.<\/li>\n<li class=\"li2\">Dominio de los casos: Aprende a utilizar con seguridad los sustantivos en los casos nominativo, acusativo y dativo.<\/li>\n<li class=\"li2\">Formas de g\u00e9nero y plural: Aprende las reglas b\u00e1sicas y acost\u00fambrate a las formas que te ayudar\u00e1n a progresar en tu aprendizaje.<\/li>\n<\/ul>\n<h2 class=\"p4\">Estructura del curso:<\/h2>\n<ul class=\"ul1\">\n<li class=\"li2\">Apto para principiantes: ideal para el autoaprendizaje, con lecciones claras y bien estructuradas.<\/li>\n<li class=\"li2\">M\u00e9todos de aprendizaje innovadores: los modernos principios did\u00e1cticos garantizan un aprendizaje eficaz.<\/li>\n<li class=\"li2\">Habla su idioma: las explicaciones detalladas en alem\u00e1n, ingl\u00e9s y japon\u00e9s hacen que el curso sea apto para un amplio abanico de alumnos.<\/li>\n<li class=\"li2\">Control y certificado de aprendizaje: compruebe sus progresos con pruebas peri\u00f3dicas y reciba un certificado despu\u00e9s de cada lecci\u00f3n.<\/li>\n<\/ul>\n<h2 class=\"p2\">Desarrollado por expertos para su \u00e9xito<\/h2>\n<p class=\"p2\">Nuestro curso ha sido creado por Dr. Oliver Bayerlein, un reconocido experto con m\u00e1s de 30 a\u00f1os de experiencia docente en Alemania y Jap\u00f3n. Su amplia experiencia y conocimientos te proporcionar\u00e1n un proceso de aprendizaje seguro y satisfactorio.<\/p>\n<p class=\"p2\">\u00a1Salte por encima de su sombra y empiece hoy mismo! Lleva tus conocimientos ling\u00fc\u00edsticos al siguiente nivel con nuestro curso.<\/p>\n<p class=\"p2\">\u00a1Reg\u00edstrese ahora y empiece!<\/p>","protected":false},"excerpt":{"rendered":"<p>P\u00f3ngase en forma en la gram\u00e1tica de los sustantivos alemanes en el nivel A1\/A2 \u00bfLe gustar\u00eda dominar la lengua alemana desde cero? Nuestro curso autodid\u00e1ctico \"Sustantivos alemanes - nivel A1\/A2\" le ofrece la base perfecta. Bas\u00e1ndonos en el Marco Com\u00fan Europeo de Referencia para las Lenguas (MCER), le ense\u00f1amos las sutilezas de los sustantivos alemanes, desde el g\u00e9nero hasta la declinaci\u00f3n y...<\/p>","protected":false},"featured_media":11495,"comment_status":"open","ping_status":"closed","template":"","meta":{"_kad_blocks_custom_css":"","_kad_blocks_head_custom_js":"","_kad_blocks_body_custom_js":"","_kad_blocks_footer_custom_js":"","_kad_post_transparent":"default","_kad_post_title":"","_kad_post_layout":"default","_kad_post_sidebar_id":"","_kad_post_content_style":"default","_kad_post_vertical_padding":"default","_kad_post_feature":"","_kad_post_feature_position":"","_kad_post_header":false,"_kad_post_footer":false,"_kad_post_classname":""},"product_brand":[],"product_cat":[145,72,69],"product_tag":[73,150],"class_list":{"0":"post-9779","1":"product","2":"type-product","3":"status-publish","4":"has-post-thumbnail","6":"product_cat-deutsch","7":"product_cat-niveau-a","8":"product_cat-selbstlernkurs","9":"product_tag-deutsch","10":"product_tag-nomen","12":"first","13":"outofstock","14":"virtual","15":"sold-individually","16":"taxable","17":"purchasable","18":"product-type-course","19":"entry","20":"content-bg","21":"loop-entry"},"yoast_head":"<!-- This site is optimized with the Yoast SEO plugin v27.4 - https:\/\/yoast.com\/product\/yoast-seo-wordpress\/ -->\n<title>Selbstlernkurs Deutsche Nomen \u2022 Niveau A1\/A2 (Demn\u00e4chst \u2026) - PILOSA.STUDY<\/title>\n<meta name=\"robots\" content=\"index, follow, max-snippet:-1, max-image-preview:large, max-video-preview:-1\" \/>\n<link rel=\"canonical\" href=\"https:\/\/pilosa.study\/es\/producto\/sustantivos-alemanes-a1-2\/\" \/>\n<meta property=\"og:locale\" content=\"es_ES\" \/>\n<meta property=\"og:type\" content=\"article\" \/>\n<meta property=\"og:title\" content=\"Selbstlernkurs Deutsche Nomen \u2022 Niveau A1\/A2 (Demn\u00e4chst \u2026) - PILOSA.STUDY\" \/>\n<meta property=\"og:description\" content=\"Machen Sie sich fit in Grammatik der Deutschen Nomen auf Niveau A1\/A2\u00a0 M\u00f6chten Sie die deutsche Sprache von Grund auf meistern? Unser Selbstlernkurs &#8220;Deutsche Nomen \u2022 Niveau A1\/A2&#8221; bietet Ihnen das perfekte Fundament. Basierend auf dem Gemeinsamen Europ\u00e4ischen Referenzrahmen (GER) bringen wir Ihnen die Feinheiten deutscher Nomen bei, von Genus \u00fcber Deklination bis hin zu...\" \/>\n<meta property=\"og:url\" content=\"https:\/\/pilosa.study\/es\/producto\/sustantivos-alemanes-a1-2\/\" \/>\n<meta property=\"og:site_name\" content=\"PILOSA.STUDY\" \/>\n<meta property=\"article:publisher\" content=\"https:\/\/www.facebook.com\/pilosa.study\" \/>\n<meta property=\"article:modified_time\" content=\"2025-05-15T07:21:00+00:00\" \/>\n<meta property=\"og:image\" content=\"https:\/\/pilosa.study\/wp-content\/uploads\/2024\/12\/Selbstlernkurs-Deutsche-Nomen-A1-A2-800x450@80.webp\" \/>\n\t<meta property=\"og:image:width\" content=\"800\" \/>\n\t<meta property=\"og:image:height\" content=\"450\" \/>\n\t<meta property=\"og:image:type\" content=\"image\/webp\" \/>\n<meta name=\"twitter:card\" content=\"summary_large_image\" \/>\n<meta name=\"twitter:label1\" content=\"Tiempo de lectura\" \/>\n\t<meta name=\"twitter:data1\" content=\"2 minutos\" \/>\n<script type=\"application\/ld+json\" class=\"yoast-schema-graph\">{\"@context\":\"https:\\\/\\\/schema.org\",\"@graph\":[{\"@type\":\"WebPage\",\"@id\":\"https:\\\/\\\/pilosa.study\\\/produkt\\\/deutsche-nomen-a1-2\\\/\",\"url\":\"https:\\\/\\\/pilosa.study\\\/produkt\\\/deutsche-nomen-a1-2\\\/\",\"name\":\"Selbstlernkurs Deutsche Nomen \u2022 Niveau A1\\\/A2 (Demn\u00e4chst \u2026) - PILOSA.STUDY\",\"isPartOf\":{\"@id\":\"https:\\\/\\\/pilosa.study\\\/#website\"},\"primaryImageOfPage\":{\"@id\":\"https:\\\/\\\/pilosa.study\\\/produkt\\\/deutsche-nomen-a1-2\\\/#primaryimage\"},\"image\":{\"@id\":\"https:\\\/\\\/pilosa.study\\\/produkt\\\/deutsche-nomen-a1-2\\\/#primaryimage\"},\"thumbnailUrl\":\"https:\\\/\\\/pilosa.study\\\/wp-content\\\/uploads\\\/2024\\\/12\\\/Selbstlernkurs-Deutsche-Nomen-A1-A2-800x450@80.webp\",\"datePublished\":\"2024-09-23T07:03:50+00:00\",\"dateModified\":\"2025-05-15T07:21:00+00:00\",\"breadcrumb\":{\"@id\":\"https:\\\/\\\/pilosa.study\\\/produkt\\\/deutsche-nomen-a1-2\\\/#breadcrumb\"},\"inLanguage\":\"es\",\"potentialAction\":[{\"@type\":\"ReadAction\",\"target\":[\"https:\\\/\\\/pilosa.study\\\/produkt\\\/deutsche-nomen-a1-2\\\/\"]}]},{\"@type\":\"ImageObject\",\"inLanguage\":\"es\",\"@id\":\"https:\\\/\\\/pilosa.study\\\/produkt\\\/deutsche-nomen-a1-2\\\/#primaryimage\",\"url\":\"https:\\\/\\\/pilosa.study\\\/wp-content\\\/uploads\\\/2024\\\/12\\\/Selbstlernkurs-Deutsche-Nomen-A1-A2-800x450@80.webp\",\"contentUrl\":\"https:\\\/\\\/pilosa.study\\\/wp-content\\\/uploads\\\/2024\\\/12\\\/Selbstlernkurs-Deutsche-Nomen-A1-A2-800x450@80.webp\",\"width\":800,\"height\":450,\"caption\":\"PILOSA.STUDY - Selbstlernkurs \\\"Deutsche Nomen\\\" Niveau A2 | Coming Soon\"},{\"@type\":\"BreadcrumbList\",\"@id\":\"https:\\\/\\\/pilosa.study\\\/produkt\\\/deutsche-nomen-a1-2\\\/#breadcrumb\",\"itemListElement\":[{\"@type\":\"ListItem\",\"position\":1,\"name\":\"Home\",\"item\":\"https:\\\/\\\/pilosa.study\\\/\"},{\"@type\":\"ListItem\",\"position\":2,\"name\":\"Shop\",\"item\":\"https:\\\/\\\/pilosa.study\\\/shop\\\/\"},{\"@type\":\"ListItem\",\"position\":3,\"name\":\"Selbstlernkurs Deutsche Nomen \u2022 Niveau A1\\\/A2 (Demn\u00e4chst \u2026)\"}]},{\"@type\":\"WebSite\",\"@id\":\"https:\\\/\\\/pilosa.study\\\/#website\",\"url\":\"https:\\\/\\\/pilosa.study\\\/\",\"name\":\"PILOSA.STUDY\",\"description\":\"Relaxed yet efficient\",\"publisher\":{\"@id\":\"https:\\\/\\\/pilosa.study\\\/#organization\"},\"potentialAction\":[{\"@type\":\"SearchAction\",\"target\":{\"@type\":\"EntryPoint\",\"urlTemplate\":\"https:\\\/\\\/pilosa.study\\\/?s={search_term_string}\"},\"query-input\":{\"@type\":\"PropertyValueSpecification\",\"valueRequired\":true,\"valueName\":\"search_term_string\"}}],\"inLanguage\":\"es\"},{\"@type\":\"Organization\",\"@id\":\"https:\\\/\\\/pilosa.study\\\/#organization\",\"name\":\"Pilosa\",\"url\":\"https:\\\/\\\/pilosa.study\\\/\",\"logo\":{\"@type\":\"ImageObject\",\"inLanguage\":\"es\",\"@id\":\"https:\\\/\\\/pilosa.study\\\/#\\\/schema\\\/logo\\\/image\\\/\",\"url\":\"https:\\\/\\\/pilosa.study\\\/wp-content\\\/uploads\\\/2024\\\/11\\\/Pilosa-Badge-Minimal-OHNE-RAND-2-200x200-1.png\",\"contentUrl\":\"https:\\\/\\\/pilosa.study\\\/wp-content\\\/uploads\\\/2024\\\/11\\\/Pilosa-Badge-Minimal-OHNE-RAND-2-200x200-1.png\",\"width\":200,\"height\":200,\"caption\":\"Pilosa\"},\"image\":{\"@id\":\"https:\\\/\\\/pilosa.study\\\/#\\\/schema\\\/logo\\\/image\\\/\"},\"sameAs\":[\"https:\\\/\\\/www.facebook.com\\\/pilosa.study\",\"https:\\\/\\\/youtube.com\\\/@pilosa\",\"https:\\\/\\\/www.instagram.com\\\/pilosa.study\\\/\"]}]}<\/script>\n<!-- \/ Yoast SEO plugin. -->","yoast_head_json":{"title":"Curso autodid\u00e1ctico de sustantivos en alem\u00e1n - Nivel A1\/A2 (Pr\u00f3ximamente ...) - PILOSA.STUDY","robots":{"index":"index","follow":"follow","max-snippet":"max-snippet:-1","max-image-preview":"max-image-preview:large","max-video-preview":"max-video-preview:-1"},"canonical":"https:\/\/pilosa.study\/es\/producto\/sustantivos-alemanes-a1-2\/","og_locale":"es_ES","og_type":"article","og_title":"Selbstlernkurs Deutsche Nomen \u2022 Niveau A1\/A2 (Demn\u00e4chst \u2026) - PILOSA.STUDY","og_description":"Machen Sie sich fit in Grammatik der Deutschen Nomen auf Niveau A1\/A2\u00a0 M\u00f6chten Sie die deutsche Sprache von Grund auf meistern? Unser Selbstlernkurs &#8220;Deutsche Nomen \u2022 Niveau A1\/A2&#8221; bietet Ihnen das perfekte Fundament. Basierend auf dem Gemeinsamen Europ\u00e4ischen Referenzrahmen (GER) bringen wir Ihnen die Feinheiten deutscher Nomen bei, von Genus \u00fcber Deklination bis hin zu...","og_url":"https:\/\/pilosa.study\/es\/producto\/sustantivos-alemanes-a1-2\/","og_site_name":"PILOSA.STUDY","article_publisher":"https:\/\/www.facebook.com\/pilosa.study","article_modified_time":"2025-05-15T07:21:00+00:00","og_image":[{"width":800,"height":450,"url":"https:\/\/pilosa.study\/wp-content\/uploads\/2024\/12\/Selbstlernkurs-Deutsche-Nomen-A1-A2-800x450@80.webp","type":"image\/webp"}],"twitter_card":"summary_large_image","twitter_misc":{"Tiempo de lectura":"2 minutos"},"schema":{"@context":"https:\/\/schema.org","@graph":[{"@type":"WebPage","@id":"https:\/\/pilosa.study\/produkt\/deutsche-nomen-a1-2\/","url":"https:\/\/pilosa.study\/produkt\/deutsche-nomen-a1-2\/","name":"Curso autodid\u00e1ctico de sustantivos en alem\u00e1n - Nivel A1\/A2 (Pr\u00f3ximamente ...) - PILOSA.STUDY","isPartOf":{"@id":"https:\/\/pilosa.study\/#website"},"primaryImageOfPage":{"@id":"https:\/\/pilosa.study\/produkt\/deutsche-nomen-a1-2\/#primaryimage"},"image":{"@id":"https:\/\/pilosa.study\/produkt\/deutsche-nomen-a1-2\/#primaryimage"},"thumbnailUrl":"https:\/\/pilosa.study\/wp-content\/uploads\/2024\/12\/Selbstlernkurs-Deutsche-Nomen-A1-A2-800x450@80.webp","datePublished":"2024-09-23T07:03:50+00:00","dateModified":"2025-05-15T07:21:00+00:00","breadcrumb":{"@id":"https:\/\/pilosa.study\/produkt\/deutsche-nomen-a1-2\/#breadcrumb"},"inLanguage":"es","potentialAction":[{"@type":"ReadAction","target":["https:\/\/pilosa.study\/produkt\/deutsche-nomen-a1-2\/"]}]},{"@type":"ImageObject","inLanguage":"es","@id":"https:\/\/pilosa.study\/produkt\/deutsche-nomen-a1-2\/#primaryimage","url":"https:\/\/pilosa.study\/wp-content\/uploads\/2024\/12\/Selbstlernkurs-Deutsche-Nomen-A1-A2-800x450@80.webp","contentUrl":"https:\/\/pilosa.study\/wp-content\/uploads\/2024\/12\/Selbstlernkurs-Deutsche-Nomen-A1-A2-800x450@80.webp","width":800,"height":450,"caption":"PILOSA.STUDY - Selbstlernkurs \"Deutsche Nomen\" Niveau A2 | Coming Soon"},{"@type":"BreadcrumbList","@id":"https:\/\/pilosa.study\/produkt\/deutsche-nomen-a1-2\/#breadcrumb","itemListElement":[{"@type":"ListItem","position":1,"name":"Home","item":"https:\/\/pilosa.study\/"},{"@type":"ListItem","position":2,"name":"Shop","item":"https:\/\/pilosa.study\/shop\/"},{"@type":"ListItem","position":3,"name":"Selbstlernkurs Deutsche Nomen \u2022 Niveau A1\/A2 (Demn\u00e4chst \u2026)"}]},{"@type":"WebSite","@id":"https:\/\/pilosa.study\/#website","url":"https:\/\/pilosa.study\/","name":"PILOSA.STUDY","description":"Relaxed yet efficient","publisher":{"@id":"https:\/\/pilosa.study\/#organization"},"potentialAction":[{"@type":"SearchAction","target":{"@type":"EntryPoint","urlTemplate":"https:\/\/pilosa.study\/?s={search_term_string}"},"query-input":{"@type":"PropertyValueSpecification","valueRequired":true,"valueName":"search_term_string"}}],"inLanguage":"es"},{"@type":"Organization","@id":"https:\/\/pilosa.study\/#organization","name":"Pilosa","url":"https:\/\/pilosa.study\/","logo":{"@type":"ImageObject","inLanguage":"es","@id":"https:\/\/pilosa.study\/#\/schema\/logo\/image\/","url":"https:\/\/pilosa.study\/wp-content\/uploads\/2024\/11\/Pilosa-Badge-Minimal-OHNE-RAND-2-200x200-1.png","contentUrl":"https:\/\/pilosa.study\/wp-content\/uploads\/2024\/11\/Pilosa-Badge-Minimal-OHNE-RAND-2-200x200-1.png","width":200,"height":200,"caption":"Pilosa"},"image":{"@id":"https:\/\/pilosa.study\/#\/schema\/logo\/image\/"},"sameAs":["https:\/\/www.facebook.com\/pilosa.study","https:\/\/youtube.com\/@pilosa","https:\/\/www.instagram.com\/pilosa.study\/"]}]}},"taxonomy_info":{"product_cat":[{"value":145,"label":"Deutsch"},{"value":72,"label":"Niveau A"},{"value":69,"label":"Selbstlernkurs"}],"product_tag":[{"value":73,"label":"Deutsch"},{"value":150,"label":"Nomen"}]},"featured_image_src_large":["https:\/\/pilosa.study\/wp-content\/uploads\/2024\/12\/Selbstlernkurs-Deutsche-Nomen-A1-A2-800x450@80.webp",800,450,false],"author_info":[],"comment_info":0,"_links":{"self":[{"href":"https:\/\/pilosa.study\/es\/wp-json\/wp\/v2\/product\/9779","targetHints":{"allow":["GET"]}}],"collection":[{"href":"https:\/\/pilosa.study\/es\/wp-json\/wp\/v2\/product"}],"about":[{"href":"https:\/\/pilosa.study\/es\/wp-json\/wp\/v2\/types\/product"}],"replies":[{"embeddable":true,"href":"https:\/\/pilosa.study\/es\/wp-json\/wp\/v2\/comments?post=9779"}],"wp:featuredmedia":[{"embeddable":true,"href":"https:\/\/pilosa.study\/es\/wp-json\/wp\/v2\/media\/11495"}],"wp:attachment":[{"href":"https:\/\/pilosa.study\/es\/wp-json\/wp\/v2\/media?parent=9779"}],"wp:term":[{"taxonomy":"product_brand","embeddable":true,"href":"https:\/\/pilosa.study\/es\/wp-json\/wp\/v2\/product_brand?post=9779"},{"taxonomy":"product_cat","embeddable":true,"href":"https:\/\/pilosa.study\/es\/wp-json\/wp\/v2\/product_cat?post=9779"},{"taxonomy":"product_tag","embeddable":true,"href":"https:\/\/pilosa.study\/es\/wp-json\/wp\/v2\/product_tag?post=9779"}],"curies":[{"name":"wp","href":"https:\/\/api.w.org\/{rel}","templated":true}]}}