{"id":9786,"date":"2024-09-23T16:34:45","date_gmt":"2024-09-23T07:34:45","guid":{"rendered":"https:\/\/staging.pilosa.study\/?post_type=product&#038;p=9786"},"modified":"2025-06-30T21:39:55","modified_gmt":"2025-06-30T12:39:55","slug":"verbos-alemanes-nivel-a1-a2","status":"publish","type":"product","link":"https:\/\/pilosa.study\/es\/produkt\/deutsche-verben-niveau-a1-a2\/","title":{"rendered":"Selbstlernkurs Deutsche Verben \u2022 Niveau A1\/A2"},"content":{"rendered":"<h1 class=\"p1\"><span class=\"s1\"><b>Bienvenido a <em>Verbos alemanes<\/em> -<em>\u00a0A1\/A2<\/em><\/b><\/span><\/h1>\n<p>Comienza tu viaje hacia el alem\u00e1n perfecto y dom\u00ednalo ahora con nuestro <em>Curso autodid\u00e1ctico Verbos alemanes - A1\/A2<\/em> \u00a1Verbos de nivel A1 y A2 en pocas semanas! Aprenda formas, significados y usos en contextos significativos, bas\u00e1ndose en el Marco Com\u00fan Europeo de Referencia. Inscr\u00edbase hoy mismo.<\/p>\n<p><strong>Contenido del curso:<\/strong><\/p>\n<ul>\n<li>30 tareas interactivas con m\u00e1s de 180 preguntas, divididas en seis m\u00f3dulos claros<\/li>\n<li>Tablas de conjugaci\u00f3n y pel\u00edculas did\u00e1cticas de apoyo a la comprensi\u00f3n<\/li>\n<li>Consolidaci\u00f3n de los conocimientos en presente, perfecto y pasado<\/li>\n<li>Dominio de los verbos modales y del imperativo<\/li>\n<li>Descubrir verbos especiales (como, dejar, saber, conocer)<\/li>\n<\/ul>\n<p>Gracias a nuestras detalladas explicaciones en alem\u00e1n, ingl\u00e9s y japon\u00e9s, el <em>Curso autodid\u00e1ctico Verbos alemanes - A1\/A2<\/em> Adecuado para muchos estudiantes Cambie de idioma sin esfuerzo gracias a las explicaciones metaling\u00fc\u00edsticas y haga que su proceso de aprendizaje sea lo m\u00e1s agradable y eficaz posible.<\/p>\n<p><strong>Estructura del curso:<\/strong><\/p>\n<ul>\n<li>Para principiantes y con una estructura l\u00f3gica<\/li>\n<li>Basado en modernos m\u00e9todos de aprendizaje y principios did\u00e1cticos<\/li>\n<li>Perfectamente adaptado al modo de autoaprendizaje<\/li>\n<li>Control de aprendizaje y certificado despu\u00e9s de cada lecci\u00f3n<\/li>\n<\/ul>\n<p><strong>Promotor:<\/strong><br \/>\nEste curso fue creado por <a href=\"https:\/\/oliverbayerlein.com\" target=\"_blank\" rel=\"noopener\">Dr. Oliver Bayerlein<\/a>. Es un experto de renombre con m\u00e1s de 30 a\u00f1os de experiencia docente en Alemania y Jap\u00f3n. Sus amplios conocimientos garantizan un proceso de aprendizaje eficaz y satisfactorio.<\/p>\n<p>El contenido se basa en la <a href=\"https:\/\/shop.hueber.de\/de\/reihen-und-lehrwerke\/ubungsgrammatik-fur-anfanger.html\" target=\"_blank\" rel=\"noopener\"><em>Practicar la gram\u00e1tica Alem\u00e1n como lengua extranjera para principiantes<\/em><\/a> (Hueber Verlag) por Renate Luscher.<\/p>\n<p><strong>Reg\u00edstrese ahora y empiece por el precio de dos caf\u00e9s con leche<\/strong>\ud83e\udd64\ud83e\udd64<strong>!<\/strong><\/p>","protected":false},"excerpt":{"rendered":"<p>\u00bfEst\u00e1 preparado para llevar sus conocimientos de alem\u00e1n al siguiente nivel? Nuestro curso de autoaprendizaje especialmente dise\u00f1ado <span style=\"color: #ff6600;\">Verbos alemanes A1\/A2<\/span>\u00a0le ofrece la combinaci\u00f3n perfecta de flexibilidad y estructura. Tanto si prefiere un enfoque exhaustivo paso a paso como si quiere ir a su propio ritmo, \u00a1usted elige! Las tareas variadas y los ejercicios interactivos hacen que el aprendizaje sea emocionante y eficaz. Los controles peri\u00f3dicos del progreso le ayudar\u00e1n a mantener la visi\u00f3n de conjunto y la motivaci\u00f3n.<\/p>\n<p>\u00bfA qu\u00e9 espera? \u00a1Domine hoy mismo los verbos de nivel A1\/A2!<\/p>","protected":false},"featured_media":11471,"comment_status":"open","ping_status":"closed","template":"","meta":{"_kad_blocks_custom_css":"","_kad_blocks_head_custom_js":"","_kad_blocks_body_custom_js":"","_kad_blocks_footer_custom_js":"","_kad_post_transparent":"default","_kad_post_title":"","_kad_post_layout":"default","_kad_post_sidebar_id":"","_kad_post_content_style":"default","_kad_post_vertical_padding":"default","_kad_post_feature":"","_kad_post_feature_position":"","_kad_post_header":false,"_kad_post_footer":false,"_kad_post_classname":""},"product_brand":[],"product_cat":[145,72,69],"product_tag":[73,76,149],"class_list":{"0":"post-9786","1":"product","2":"type-product","3":"status-publish","4":"has-post-thumbnail","6":"product_cat-deutsch","7":"product_cat-niveau-a","8":"product_cat-selbstlernkurs","9":"product_tag-deutsch","10":"product_tag-selbstlernkurs","11":"product_tag-verben","13":"first","14":"instock","15":"featured","16":"virtual","17":"sold-individually","18":"taxable","19":"purchasable","20":"product-type-simple","21":"entry","22":"content-bg","23":"loop-entry"},"yoast_head":"<!-- This site is optimized with the Yoast SEO plugin v27.4 - https:\/\/yoast.com\/product\/yoast-seo-wordpress\/ -->\n<title>Selbstlernkurs Deutsche Verben Niveau A1\/A2<\/title>\n<meta name=\"description\" content=\"Meistere Verben im &quot;Selbstlernkurs Deutsche Verben Niveau A1\/A2&quot;. Interaktive Aufgaben, mehrsprachige Erkl\u00e4rungen und effektive Lernmethoden.\" \/>\n<meta name=\"robots\" content=\"index, follow, max-snippet:-1, max-image-preview:large, max-video-preview:-1\" \/>\n<link rel=\"canonical\" href=\"https:\/\/pilosa.study\/es\/producto\/verbos-alemanes-nivel-a1-a2\/\" \/>\n<meta property=\"og:locale\" content=\"es_ES\" \/>\n<meta property=\"og:type\" content=\"article\" \/>\n<meta property=\"og:title\" content=\"Selbstlernkurs Deutsche Verben Niveau A1\/A2\" \/>\n<meta property=\"og:description\" content=\"Meistere Verben im &quot;Selbstlernkurs Deutsche Verben Niveau A1\/A2&quot;. Interaktive Aufgaben, mehrsprachige Erkl\u00e4rungen und effektive Lernmethoden.\" \/>\n<meta property=\"og:url\" content=\"https:\/\/pilosa.study\/es\/producto\/verbos-alemanes-nivel-a1-a2\/\" \/>\n<meta property=\"og:site_name\" content=\"PILOSA.STUDY\" \/>\n<meta property=\"article:publisher\" content=\"https:\/\/www.facebook.com\/pilosa.study\" \/>\n<meta property=\"article:modified_time\" content=\"2025-06-30T12:39:55+00:00\" \/>\n<meta property=\"og:image\" content=\"https:\/\/pilosa.study\/wp-content\/uploads\/2024\/12\/LearnDash-CourseGrid-Deutsche-Verben-800x450-1.webp\" \/>\n\t<meta property=\"og:image:width\" content=\"800\" \/>\n\t<meta property=\"og:image:height\" content=\"450\" \/>\n\t<meta property=\"og:image:type\" content=\"image\/webp\" \/>\n<meta name=\"twitter:card\" content=\"summary_large_image\" \/>\n<meta name=\"twitter:label1\" content=\"Tiempo de lectura\" \/>\n\t<meta name=\"twitter:data1\" content=\"2 minutos\" \/>\n<script type=\"application\/ld+json\" class=\"yoast-schema-graph\">{\"@context\":\"https:\\\/\\\/schema.org\",\"@graph\":[{\"@type\":\"WebPage\",\"@id\":\"https:\\\/\\\/pilosa.study\\\/produkt\\\/deutsche-verben-niveau-a1-a2\\\/\",\"url\":\"https:\\\/\\\/pilosa.study\\\/produkt\\\/deutsche-verben-niveau-a1-a2\\\/\",\"name\":\"Selbstlernkurs Deutsche Verben Niveau A1\\\/A2\",\"isPartOf\":{\"@id\":\"https:\\\/\\\/pilosa.study\\\/#website\"},\"primaryImageOfPage\":{\"@id\":\"https:\\\/\\\/pilosa.study\\\/produkt\\\/deutsche-verben-niveau-a1-a2\\\/#primaryimage\"},\"image\":{\"@id\":\"https:\\\/\\\/pilosa.study\\\/produkt\\\/deutsche-verben-niveau-a1-a2\\\/#primaryimage\"},\"thumbnailUrl\":\"https:\\\/\\\/pilosa.study\\\/wp-content\\\/uploads\\\/2024\\\/12\\\/LearnDash-CourseGrid-Deutsche-Verben-800x450-1.webp\",\"datePublished\":\"2024-09-23T07:34:45+00:00\",\"dateModified\":\"2025-06-30T12:39:55+00:00\",\"description\":\"Meistere Verben im \\\"Selbstlernkurs Deutsche Verben Niveau A1\\\/A2\\\". Interaktive Aufgaben, mehrsprachige Erkl\u00e4rungen und effektive Lernmethoden.\",\"breadcrumb\":{\"@id\":\"https:\\\/\\\/pilosa.study\\\/produkt\\\/deutsche-verben-niveau-a1-a2\\\/#breadcrumb\"},\"inLanguage\":\"es\",\"potentialAction\":[{\"@type\":\"ReadAction\",\"target\":[\"https:\\\/\\\/pilosa.study\\\/produkt\\\/deutsche-verben-niveau-a1-a2\\\/\"]}]},{\"@type\":\"ImageObject\",\"inLanguage\":\"es\",\"@id\":\"https:\\\/\\\/pilosa.study\\\/produkt\\\/deutsche-verben-niveau-a1-a2\\\/#primaryimage\",\"url\":\"https:\\\/\\\/pilosa.study\\\/wp-content\\\/uploads\\\/2024\\\/12\\\/LearnDash-CourseGrid-Deutsche-Verben-800x450-1.webp\",\"contentUrl\":\"https:\\\/\\\/pilosa.study\\\/wp-content\\\/uploads\\\/2024\\\/12\\\/LearnDash-CourseGrid-Deutsche-Verben-800x450-1.webp\",\"width\":800,\"height\":450,\"caption\":\"PILOSA.STUDY - Selbstlernkurs \\\"Deutsche Verben\\\" Niveau A2 | Click to Enrol\"},{\"@type\":\"BreadcrumbList\",\"@id\":\"https:\\\/\\\/pilosa.study\\\/produkt\\\/deutsche-verben-niveau-a1-a2\\\/#breadcrumb\",\"itemListElement\":[{\"@type\":\"ListItem\",\"position\":1,\"name\":\"Home\",\"item\":\"https:\\\/\\\/pilosa.study\\\/\"},{\"@type\":\"ListItem\",\"position\":2,\"name\":\"Shop\",\"item\":\"https:\\\/\\\/pilosa.study\\\/shop\\\/\"},{\"@type\":\"ListItem\",\"position\":3,\"name\":\"Selbstlernkurs Deutsche Verben \u2022 Niveau A1\\\/A2\"}]},{\"@type\":\"WebSite\",\"@id\":\"https:\\\/\\\/pilosa.study\\\/#website\",\"url\":\"https:\\\/\\\/pilosa.study\\\/\",\"name\":\"PILOSA.STUDY\",\"description\":\"Relaxed yet efficient\",\"publisher\":{\"@id\":\"https:\\\/\\\/pilosa.study\\\/#organization\"},\"potentialAction\":[{\"@type\":\"SearchAction\",\"target\":{\"@type\":\"EntryPoint\",\"urlTemplate\":\"https:\\\/\\\/pilosa.study\\\/?s={search_term_string}\"},\"query-input\":{\"@type\":\"PropertyValueSpecification\",\"valueRequired\":true,\"valueName\":\"search_term_string\"}}],\"inLanguage\":\"es\"},{\"@type\":\"Organization\",\"@id\":\"https:\\\/\\\/pilosa.study\\\/#organization\",\"name\":\"Pilosa\",\"url\":\"https:\\\/\\\/pilosa.study\\\/\",\"logo\":{\"@type\":\"ImageObject\",\"inLanguage\":\"es\",\"@id\":\"https:\\\/\\\/pilosa.study\\\/#\\\/schema\\\/logo\\\/image\\\/\",\"url\":\"https:\\\/\\\/pilosa.study\\\/wp-content\\\/uploads\\\/2024\\\/11\\\/Pilosa-Badge-Minimal-OHNE-RAND-2-200x200-1.png\",\"contentUrl\":\"https:\\\/\\\/pilosa.study\\\/wp-content\\\/uploads\\\/2024\\\/11\\\/Pilosa-Badge-Minimal-OHNE-RAND-2-200x200-1.png\",\"width\":200,\"height\":200,\"caption\":\"Pilosa\"},\"image\":{\"@id\":\"https:\\\/\\\/pilosa.study\\\/#\\\/schema\\\/logo\\\/image\\\/\"},\"sameAs\":[\"https:\\\/\\\/www.facebook.com\\\/pilosa.study\",\"https:\\\/\\\/youtube.com\\\/@pilosa\",\"https:\\\/\\\/www.instagram.com\\\/pilosa.study\\\/\"]}]}<\/script>\n<!-- \/ Yoast SEO plugin. -->","yoast_head_json":{"title":"Curso autodid\u00e1ctico de verbos alemanes nivel A1\/A2","description":"Domine los verbos en el \"Curso autodid\u00e1ctico de verbos alemanes nivel A1\/A2\". Tareas interactivas, explicaciones multiling\u00fces y m\u00e9todos de aprendizaje eficaces.","robots":{"index":"index","follow":"follow","max-snippet":"max-snippet:-1","max-image-preview":"max-image-preview:large","max-video-preview":"max-video-preview:-1"},"canonical":"https:\/\/pilosa.study\/es\/producto\/verbos-alemanes-nivel-a1-a2\/","og_locale":"es_ES","og_type":"article","og_title":"Selbstlernkurs Deutsche Verben Niveau A1\/A2","og_description":"Meistere Verben im \"Selbstlernkurs Deutsche Verben Niveau A1\/A2\". Interaktive Aufgaben, mehrsprachige Erkl\u00e4rungen und effektive Lernmethoden.","og_url":"https:\/\/pilosa.study\/es\/producto\/verbos-alemanes-nivel-a1-a2\/","og_site_name":"PILOSA.STUDY","article_publisher":"https:\/\/www.facebook.com\/pilosa.study","article_modified_time":"2025-06-30T12:39:55+00:00","og_image":[{"width":800,"height":450,"url":"https:\/\/pilosa.study\/wp-content\/uploads\/2024\/12\/LearnDash-CourseGrid-Deutsche-Verben-800x450-1.webp","type":"image\/webp"}],"twitter_card":"summary_large_image","twitter_misc":{"Tiempo de lectura":"2 minutos"},"schema":{"@context":"https:\/\/schema.org","@graph":[{"@type":"WebPage","@id":"https:\/\/pilosa.study\/produkt\/deutsche-verben-niveau-a1-a2\/","url":"https:\/\/pilosa.study\/produkt\/deutsche-verben-niveau-a1-a2\/","name":"Curso autodid\u00e1ctico de verbos alemanes nivel A1\/A2","isPartOf":{"@id":"https:\/\/pilosa.study\/#website"},"primaryImageOfPage":{"@id":"https:\/\/pilosa.study\/produkt\/deutsche-verben-niveau-a1-a2\/#primaryimage"},"image":{"@id":"https:\/\/pilosa.study\/produkt\/deutsche-verben-niveau-a1-a2\/#primaryimage"},"thumbnailUrl":"https:\/\/pilosa.study\/wp-content\/uploads\/2024\/12\/LearnDash-CourseGrid-Deutsche-Verben-800x450-1.webp","datePublished":"2024-09-23T07:34:45+00:00","dateModified":"2025-06-30T12:39:55+00:00","description":"Domine los verbos en el \"Curso autodid\u00e1ctico de verbos alemanes nivel A1\/A2\". Tareas interactivas, explicaciones multiling\u00fces y m\u00e9todos de aprendizaje eficaces.","breadcrumb":{"@id":"https:\/\/pilosa.study\/produkt\/deutsche-verben-niveau-a1-a2\/#breadcrumb"},"inLanguage":"es","potentialAction":[{"@type":"ReadAction","target":["https:\/\/pilosa.study\/produkt\/deutsche-verben-niveau-a1-a2\/"]}]},{"@type":"ImageObject","inLanguage":"es","@id":"https:\/\/pilosa.study\/produkt\/deutsche-verben-niveau-a1-a2\/#primaryimage","url":"https:\/\/pilosa.study\/wp-content\/uploads\/2024\/12\/LearnDash-CourseGrid-Deutsche-Verben-800x450-1.webp","contentUrl":"https:\/\/pilosa.study\/wp-content\/uploads\/2024\/12\/LearnDash-CourseGrid-Deutsche-Verben-800x450-1.webp","width":800,"height":450,"caption":"PILOSA.STUDY - Selbstlernkurs \"Deutsche Verben\" Niveau A2 | Click to Enrol"},{"@type":"BreadcrumbList","@id":"https:\/\/pilosa.study\/produkt\/deutsche-verben-niveau-a1-a2\/#breadcrumb","itemListElement":[{"@type":"ListItem","position":1,"name":"Home","item":"https:\/\/pilosa.study\/"},{"@type":"ListItem","position":2,"name":"Shop","item":"https:\/\/pilosa.study\/shop\/"},{"@type":"ListItem","position":3,"name":"Selbstlernkurs Deutsche Verben \u2022 Niveau A1\/A2"}]},{"@type":"WebSite","@id":"https:\/\/pilosa.study\/#website","url":"https:\/\/pilosa.study\/","name":"PILOSA.STUDY","description":"Relaxed yet efficient","publisher":{"@id":"https:\/\/pilosa.study\/#organization"},"potentialAction":[{"@type":"SearchAction","target":{"@type":"EntryPoint","urlTemplate":"https:\/\/pilosa.study\/?s={search_term_string}"},"query-input":{"@type":"PropertyValueSpecification","valueRequired":true,"valueName":"search_term_string"}}],"inLanguage":"es"},{"@type":"Organization","@id":"https:\/\/pilosa.study\/#organization","name":"Pilosa","url":"https:\/\/pilosa.study\/","logo":{"@type":"ImageObject","inLanguage":"es","@id":"https:\/\/pilosa.study\/#\/schema\/logo\/image\/","url":"https:\/\/pilosa.study\/wp-content\/uploads\/2024\/11\/Pilosa-Badge-Minimal-OHNE-RAND-2-200x200-1.png","contentUrl":"https:\/\/pilosa.study\/wp-content\/uploads\/2024\/11\/Pilosa-Badge-Minimal-OHNE-RAND-2-200x200-1.png","width":200,"height":200,"caption":"Pilosa"},"image":{"@id":"https:\/\/pilosa.study\/#\/schema\/logo\/image\/"},"sameAs":["https:\/\/www.facebook.com\/pilosa.study","https:\/\/youtube.com\/@pilosa","https:\/\/www.instagram.com\/pilosa.study\/"]}]}},"taxonomy_info":{"product_cat":[{"value":145,"label":"Deutsch"},{"value":72,"label":"Niveau A"},{"value":69,"label":"Selbstlernkurs"}],"product_tag":[{"value":73,"label":"Deutsch"},{"value":76,"label":"Selbstlernkurs"},{"value":149,"label":"Verben"}]},"featured_image_src_large":["https:\/\/pilosa.study\/wp-content\/uploads\/2024\/12\/LearnDash-CourseGrid-Deutsche-Verben-800x450-1.webp",800,450,false],"author_info":[],"comment_info":0,"_links":{"self":[{"href":"https:\/\/pilosa.study\/es\/wp-json\/wp\/v2\/product\/9786","targetHints":{"allow":["GET"]}}],"collection":[{"href":"https:\/\/pilosa.study\/es\/wp-json\/wp\/v2\/product"}],"about":[{"href":"https:\/\/pilosa.study\/es\/wp-json\/wp\/v2\/types\/product"}],"replies":[{"embeddable":true,"href":"https:\/\/pilosa.study\/es\/wp-json\/wp\/v2\/comments?post=9786"}],"wp:featuredmedia":[{"embeddable":true,"href":"https:\/\/pilosa.study\/es\/wp-json\/wp\/v2\/media\/11471"}],"wp:attachment":[{"href":"https:\/\/pilosa.study\/es\/wp-json\/wp\/v2\/media?parent=9786"}],"wp:term":[{"taxonomy":"product_brand","embeddable":true,"href":"https:\/\/pilosa.study\/es\/wp-json\/wp\/v2\/product_brand?post=9786"},{"taxonomy":"product_cat","embeddable":true,"href":"https:\/\/pilosa.study\/es\/wp-json\/wp\/v2\/product_cat?post=9786"},{"taxonomy":"product_tag","embeddable":true,"href":"https:\/\/pilosa.study\/es\/wp-json\/wp\/v2\/product_tag?post=9786"}],"curies":[{"name":"wp","href":"https:\/\/api.w.org\/{rel}","templated":true}]}}