{"id":5883,"date":"2023-03-09T21:29:45","date_gmt":"2023-03-09T12:29:45","guid":{"rendered":"https:\/\/staging.pilosa.study\/shop\/"},"modified":"2026-04-20T08:38:35","modified_gmt":"2026-04-19T23:38:35","slug":"boutique","status":"publish","type":"page","link":"https:\/\/pilosa.study\/fr\/shop\/","title":{"rendered":"Shop"},"content":{"rendered":"<style>.wp-block-kadence-advancedheading.kt-adv-heading5883_729b9d-c5, .wp-block-kadence-advancedheading.kt-adv-heading5883_729b9d-c5[data-kb-block=\"kb-adv-heading5883_729b9d-c5\"]{font-style:normal;}.wp-block-kadence-advancedheading.kt-adv-heading5883_729b9d-c5 mark.kt-highlight, .wp-block-kadence-advancedheading.kt-adv-heading5883_729b9d-c5[data-kb-block=\"kb-adv-heading5883_729b9d-c5\"] mark.kt-highlight{font-style:normal;color:#f76a0c;-webkit-box-decoration-break:clone;box-decoration-break:clone;padding-top:0px;padding-right:0px;padding-bottom:0px;padding-left:0px;}.wp-block-kadence-advancedheading.kt-adv-heading5883_729b9d-c5 img.kb-inline-image, .wp-block-kadence-advancedheading.kt-adv-heading5883_729b9d-c5[data-kb-block=\"kb-adv-heading5883_729b9d-c5\"] img.kb-inline-image{width:150px;vertical-align:baseline;}<\/style>\n<h2 class=\"kt-adv-heading5883_729b9d-c5 wp-block-kadence-advancedheading\" data-kb-block=\"kb-adv-heading5883_729b9d-c5\">Deutschkurse zum Selbstlernen<\/h2>\n\n\n<style>.wp-block-kadence-advancedheading.kt-adv-heading5883_c529af-06, .wp-block-kadence-advancedheading.kt-adv-heading5883_c529af-06[data-kb-block=\"kb-adv-heading5883_c529af-06\"]{font-style:normal;}.wp-block-kadence-advancedheading.kt-adv-heading5883_c529af-06 mark.kt-highlight, .wp-block-kadence-advancedheading.kt-adv-heading5883_c529af-06[data-kb-block=\"kb-adv-heading5883_c529af-06\"] mark.kt-highlight{font-style:normal;color:#f76a0c;-webkit-box-decoration-break:clone;box-decoration-break:clone;padding-top:0px;padding-right:0px;padding-bottom:0px;padding-left:0px;}.wp-block-kadence-advancedheading.kt-adv-heading5883_c529af-06 img.kb-inline-image, .wp-block-kadence-advancedheading.kt-adv-heading5883_c529af-06[data-kb-block=\"kb-adv-heading5883_c529af-06\"] img.kb-inline-image{width:150px;vertical-align:baseline;}<\/style>\n<p class=\"kt-adv-heading5883_c529af-06 wp-block-kadence-advancedheading\" data-kb-block=\"kb-adv-heading5883_c529af-06\">Klicken Sie auf ein Bild und entdecken Sie detaillierte Beschreibungen zum Inhalt.<\/p>\n\n\n<style>.wp-block-kadence-advancedheading.kt-adv-heading5883_f43b75-62, .wp-block-kadence-advancedheading.kt-adv-heading5883_f43b75-62[data-kb-block=\"kb-adv-heading5883_f43b75-62\"]{font-style:normal;}.wp-block-kadence-advancedheading.kt-adv-heading5883_f43b75-62 mark.kt-highlight, .wp-block-kadence-advancedheading.kt-adv-heading5883_f43b75-62[data-kb-block=\"kb-adv-heading5883_f43b75-62\"] mark.kt-highlight{font-style:normal;color:#f76a0c;-webkit-box-decoration-break:clone;box-decoration-break:clone;padding-top:0px;padding-right:0px;padding-bottom:0px;padding-left:0px;}.wp-block-kadence-advancedheading.kt-adv-heading5883_f43b75-62 img.kb-inline-image, .wp-block-kadence-advancedheading.kt-adv-heading5883_f43b75-62[data-kb-block=\"kb-adv-heading5883_f43b75-62\"] img.kb-inline-image{width:150px;vertical-align:baseline;}<\/style>\n<p class=\"kt-adv-heading5883_f43b75-62 wp-block-kadence-advancedheading\" data-kb-block=\"kb-adv-heading5883_f43b75-62\">Sie k\u00f6nnen die Kursbeschreibung unverbindlich ansehen, ohne den Kurs zu kaufen. Sie legen damit noch kein Produkt in Ihren Warenkorb.<\/p>\n","protected":false},"excerpt":{"rendered":"<p>Deutschkurse zum Selbstlernen Klicken Sie auf ein Bild und entdecken Sie detaillierte Beschreibungen zum Inhalt. Sie k\u00f6nnen die Kursbeschreibung unverbindlich ansehen, ohne den Kurs zu kaufen. Sie legen damit noch kein Produkt in Ihren Warenkorb.<\/p>","protected":false},"author":1,"featured_media":0,"parent":0,"menu_order":0,"comment_status":"closed","ping_status":"closed","template":"","meta":{"_kad_blocks_custom_css":"","_kad_blocks_head_custom_js":"","_kad_blocks_body_custom_js":"","_kad_blocks_footer_custom_js":"","_kad_post_transparent":"","_kad_post_title":"","_kad_post_layout":"","_kad_post_sidebar_id":"","_kad_post_content_style":"","_kad_post_vertical_padding":"","_kad_post_feature":"","_kad_post_feature_position":"","_kad_post_header":false,"_kad_post_footer":false,"_kad_post_classname":"","footnotes":""},"class_list":["post-5883","page","type-page","status-publish","hentry"],"yoast_head":"<!-- This site is optimized with the Yoast SEO plugin v27.4 - https:\/\/yoast.com\/product\/yoast-seo-wordpress\/ -->\n<title>Shop<\/title>\n<meta name=\"description\" content=\"\u00dcberblick \u00fcber die Deutschkurse zum Selbstlernen. Entdecken Sie detaillierte Beschreibungen zum Inhalt, indem Sie auf ein Bild klicken.\" \/>\n<meta name=\"robots\" content=\"index, follow, max-snippet:-1, max-image-preview:large, max-video-preview:-1\" \/>\n<link rel=\"canonical\" href=\"https:\/\/pilosa.study\/fr\/boutique\/\" \/>\n<meta property=\"og:locale\" content=\"fr_FR\" \/>\n<meta property=\"og:type\" content=\"article\" \/>\n<meta property=\"og:title\" content=\"Shop\" \/>\n<meta property=\"og:description\" content=\"\u00dcberblick \u00fcber die Deutschkurse zum Selbstlernen. Entdecken Sie detaillierte Beschreibungen zum Inhalt, indem Sie auf ein Bild klicken.\" \/>\n<meta property=\"og:url\" content=\"https:\/\/pilosa.study\/fr\/boutique\/\" \/>\n<meta property=\"og:site_name\" content=\"PILOSA.STUDY\" \/>\n<meta property=\"article:publisher\" content=\"https:\/\/www.facebook.com\/pilosa.study\" \/>\n<meta property=\"article:modified_time\" content=\"2026-04-19T23:38:35+00:00\" \/>\n<meta name=\"twitter:card\" content=\"summary_large_image\" \/>\n<meta name=\"twitter:label1\" content=\"Dur\u00e9e de lecture estim\u00e9e\" \/>\n\t<meta name=\"twitter:data1\" content=\"1 minute\" \/>\n<script type=\"application\/ld+json\" class=\"yoast-schema-graph\">{\"@context\":\"https:\\\/\\\/schema.org\",\"@graph\":[{\"@type\":\"WebPage\",\"@id\":\"https:\\\/\\\/pilosa.study\\\/shop\\\/\",\"url\":\"https:\\\/\\\/pilosa.study\\\/shop\\\/\",\"name\":\"Shop\",\"isPartOf\":{\"@id\":\"https:\\\/\\\/pilosa.study\\\/#website\"},\"datePublished\":\"2023-03-09T12:29:45+00:00\",\"dateModified\":\"2026-04-19T23:38:35+00:00\",\"description\":\"\u00dcberblick \u00fcber die Deutschkurse zum Selbstlernen. Entdecken Sie detaillierte Beschreibungen zum Inhalt, indem Sie auf ein Bild klicken.\",\"breadcrumb\":{\"@id\":\"https:\\\/\\\/pilosa.study\\\/shop\\\/#breadcrumb\"},\"inLanguage\":\"fr-FR\",\"potentialAction\":[{\"@type\":\"ReadAction\",\"target\":[\"https:\\\/\\\/pilosa.study\\\/shop\\\/\"]}]},{\"@type\":\"BreadcrumbList\",\"@id\":\"https:\\\/\\\/pilosa.study\\\/shop\\\/#breadcrumb\",\"itemListElement\":[{\"@type\":\"ListItem\",\"position\":1,\"name\":\"Home\",\"item\":\"https:\\\/\\\/pilosa.study\\\/\"},{\"@type\":\"ListItem\",\"position\":2,\"name\":\"Shop\"}]},{\"@type\":\"WebSite\",\"@id\":\"https:\\\/\\\/pilosa.study\\\/#website\",\"url\":\"https:\\\/\\\/pilosa.study\\\/\",\"name\":\"PILOSA.STUDY\",\"description\":\"Relaxed yet efficient\",\"publisher\":{\"@id\":\"https:\\\/\\\/pilosa.study\\\/#organization\"},\"potentialAction\":[{\"@type\":\"SearchAction\",\"target\":{\"@type\":\"EntryPoint\",\"urlTemplate\":\"https:\\\/\\\/pilosa.study\\\/?s={search_term_string}\"},\"query-input\":{\"@type\":\"PropertyValueSpecification\",\"valueRequired\":true,\"valueName\":\"search_term_string\"}}],\"inLanguage\":\"fr-FR\"},{\"@type\":\"Organization\",\"@id\":\"https:\\\/\\\/pilosa.study\\\/#organization\",\"name\":\"Pilosa\",\"url\":\"https:\\\/\\\/pilosa.study\\\/\",\"logo\":{\"@type\":\"ImageObject\",\"inLanguage\":\"fr-FR\",\"@id\":\"https:\\\/\\\/pilosa.study\\\/#\\\/schema\\\/logo\\\/image\\\/\",\"url\":\"https:\\\/\\\/pilosa.study\\\/wp-content\\\/uploads\\\/2024\\\/11\\\/Pilosa-Badge-Minimal-OHNE-RAND-2-200x200-1.png\",\"contentUrl\":\"https:\\\/\\\/pilosa.study\\\/wp-content\\\/uploads\\\/2024\\\/11\\\/Pilosa-Badge-Minimal-OHNE-RAND-2-200x200-1.png\",\"width\":200,\"height\":200,\"caption\":\"Pilosa\"},\"image\":{\"@id\":\"https:\\\/\\\/pilosa.study\\\/#\\\/schema\\\/logo\\\/image\\\/\"},\"sameAs\":[\"https:\\\/\\\/www.facebook.com\\\/pilosa.study\",\"https:\\\/\\\/youtube.com\\\/@pilosa\",\"https:\\\/\\\/www.instagram.com\\\/pilosa.study\\\/\"]}]}<\/script>\n<!-- \/ Yoast SEO plugin. -->","yoast_head_json":{"title":"Shop","description":"Aper\u00e7u des cours d'allemand pour l'auto-apprentissage. D\u00e9couvrez des descriptions d\u00e9taill\u00e9es du contenu en cliquant sur une image.","robots":{"index":"index","follow":"follow","max-snippet":"max-snippet:-1","max-image-preview":"max-image-preview:large","max-video-preview":"max-video-preview:-1"},"canonical":"https:\/\/pilosa.study\/fr\/boutique\/","og_locale":"fr_FR","og_type":"article","og_title":"Shop","og_description":"\u00dcberblick \u00fcber die Deutschkurse zum Selbstlernen. Entdecken Sie detaillierte Beschreibungen zum Inhalt, indem Sie auf ein Bild klicken.","og_url":"https:\/\/pilosa.study\/fr\/boutique\/","og_site_name":"PILOSA.STUDY","article_publisher":"https:\/\/www.facebook.com\/pilosa.study","article_modified_time":"2026-04-19T23:38:35+00:00","twitter_card":"summary_large_image","twitter_misc":{"Dur\u00e9e de lecture estim\u00e9e":"1 minute"},"schema":{"@context":"https:\/\/schema.org","@graph":[{"@type":"WebPage","@id":"https:\/\/pilosa.study\/shop\/","url":"https:\/\/pilosa.study\/shop\/","name":"Shop","isPartOf":{"@id":"https:\/\/pilosa.study\/#website"},"datePublished":"2023-03-09T12:29:45+00:00","dateModified":"2026-04-19T23:38:35+00:00","description":"Aper\u00e7u des cours d'allemand pour l'auto-apprentissage. D\u00e9couvrez des descriptions d\u00e9taill\u00e9es du contenu en cliquant sur une image.","breadcrumb":{"@id":"https:\/\/pilosa.study\/shop\/#breadcrumb"},"inLanguage":"fr-FR","potentialAction":[{"@type":"ReadAction","target":["https:\/\/pilosa.study\/shop\/"]}]},{"@type":"BreadcrumbList","@id":"https:\/\/pilosa.study\/shop\/#breadcrumb","itemListElement":[{"@type":"ListItem","position":1,"name":"Home","item":"https:\/\/pilosa.study\/"},{"@type":"ListItem","position":2,"name":"Shop"}]},{"@type":"WebSite","@id":"https:\/\/pilosa.study\/#website","url":"https:\/\/pilosa.study\/","name":"PILOSA.STUDY","description":"Relaxed yet efficient","publisher":{"@id":"https:\/\/pilosa.study\/#organization"},"potentialAction":[{"@type":"SearchAction","target":{"@type":"EntryPoint","urlTemplate":"https:\/\/pilosa.study\/?s={search_term_string}"},"query-input":{"@type":"PropertyValueSpecification","valueRequired":true,"valueName":"search_term_string"}}],"inLanguage":"fr-FR"},{"@type":"Organization","@id":"https:\/\/pilosa.study\/#organization","name":"Pilosa","url":"https:\/\/pilosa.study\/","logo":{"@type":"ImageObject","inLanguage":"fr-FR","@id":"https:\/\/pilosa.study\/#\/schema\/logo\/image\/","url":"https:\/\/pilosa.study\/wp-content\/uploads\/2024\/11\/Pilosa-Badge-Minimal-OHNE-RAND-2-200x200-1.png","contentUrl":"https:\/\/pilosa.study\/wp-content\/uploads\/2024\/11\/Pilosa-Badge-Minimal-OHNE-RAND-2-200x200-1.png","width":200,"height":200,"caption":"Pilosa"},"image":{"@id":"https:\/\/pilosa.study\/#\/schema\/logo\/image\/"},"sameAs":["https:\/\/www.facebook.com\/pilosa.study","https:\/\/youtube.com\/@pilosa","https:\/\/www.instagram.com\/pilosa.study\/"]}]}},"taxonomy_info":[],"featured_image_src_large":false,"author_info":{"display_name":"Oliver","author_link":"https:\/\/pilosa.study\/fr\/author\/oboliverbayerlein-com\/"},"comment_info":0,"_links":{"self":[{"href":"https:\/\/pilosa.study\/fr\/wp-json\/wp\/v2\/pages\/5883","targetHints":{"allow":["GET"]}}],"collection":[{"href":"https:\/\/pilosa.study\/fr\/wp-json\/wp\/v2\/pages"}],"about":[{"href":"https:\/\/pilosa.study\/fr\/wp-json\/wp\/v2\/types\/page"}],"author":[{"embeddable":true,"href":"https:\/\/pilosa.study\/fr\/wp-json\/wp\/v2\/users\/1"}],"replies":[{"embeddable":true,"href":"https:\/\/pilosa.study\/fr\/wp-json\/wp\/v2\/comments?post=5883"}],"version-history":[{"count":1,"href":"https:\/\/pilosa.study\/fr\/wp-json\/wp\/v2\/pages\/5883\/revisions"}],"predecessor-version":[{"id":13711,"href":"https:\/\/pilosa.study\/fr\/wp-json\/wp\/v2\/pages\/5883\/revisions\/13711"}],"wp:attachment":[{"href":"https:\/\/pilosa.study\/fr\/wp-json\/wp\/v2\/media?parent=5883"}],"curies":[{"name":"wp","href":"https:\/\/api.w.org\/{rel}","templated":true}]}}