{"id":12806,"date":"2025-05-15T16:16:31","date_gmt":"2025-05-15T07:16:31","guid":{"rendered":"https:\/\/pilosa.study\/?post_type=product&#038;p=12806"},"modified":"2025-06-12T11:25:52","modified_gmt":"2025-06-12T02:25:52","slug":"sans-autre-question-ou-obstacle-vous-serez-rembourse-100","status":"publish","type":"product","link":"https:\/\/pilosa.study\/fr\/produkt\/12806\/","title":{"rendered":"Kommunikation: Uhrzeiten \u2013 Niveau A2"},"content":{"rendered":"<p class=\"kt-adv-heading12590_d30fde-d0 wp-block-kadence-advancedheading\" data-kb-block=\"kb-adv-heading12590_d30fde-d0\">Avec nos exercices interactifs \"Communication : horaires\", vous apprenez pas \u00e0 pas \u00e0 comprendre les horaires en allemand et \u00e0 dire l'heure correctement. Qu'il s'agisse de d\u00e9crire le d\u00e9roulement de votre journ\u00e9e ou de fixer un rendez-vous, avec nous, vous \u00eates toujours au bon endroit au bon moment.<\/p>\n<p class=\"kt-adv-heading12590_f742dc-c2 wp-block-kadence-advancedheading\" data-kb-block=\"kb-adv-heading12590_f742dc-c2\">Qu'est-ce que vous attendez ? Inscrivez-vous et essayez les exercices. Tout est gratuit.<\/p>","protected":false},"excerpt":{"rendered":"<p>Avec nos\u00a0<strong>des exercices interactifs<\/strong> \"Communication : heures\", vous apprenez pas \u00e0 pas \u00e0 comprendre les heures en allemand et \u00e0 dire l'heure correctement. Que vous d\u00e9criviez le d\u00e9roulement de votre journ\u00e9e ou que vous preniez rendez-vous, ces exercices gratuits vous permettront d'\u00eatre toujours au bon endroit au bon moment.<\/p>","protected":false},"featured_media":12642,"comment_status":"closed","ping_status":"closed","template":"","meta":{"_kad_blocks_custom_css":"","_kad_blocks_head_custom_js":"","_kad_blocks_body_custom_js":"","_kad_blocks_footer_custom_js":"","_kad_post_transparent":"default","_kad_post_title":"","_kad_post_layout":"default","_kad_post_sidebar_id":"","_kad_post_content_style":"default","_kad_post_vertical_padding":"default","_kad_post_feature":"","_kad_post_feature_position":"","_kad_post_header":false,"_kad_post_footer":false,"_kad_post_classname":""},"product_brand":[],"product_cat":[145,167],"product_tag":[],"class_list":{"0":"post-12806","1":"product","2":"type-product","3":"status-publish","4":"has-post-thumbnail","6":"product_cat-deutsch","7":"product_cat-kommunikation","9":"first","10":"instock","11":"virtual","12":"sold-individually","13":"purchasable","14":"product-type-simple","15":"entry","16":"content-bg","17":"loop-entry"},"yoast_head":"<!-- This site is optimized with the Yoast SEO plugin v27.4 - https:\/\/yoast.com\/product\/yoast-seo-wordpress\/ -->\n<title>Kommunikation: Uhrzeiten \u2013 Niveau A2 - PILOSA.STUDY<\/title>\n<meta name=\"robots\" content=\"index, follow, max-snippet:-1, max-image-preview:large, max-video-preview:-1\" \/>\n<link rel=\"canonical\" href=\"https:\/\/pilosa.study\/fr\/produit\/sans-autre-question-ou-obstacle-vous-serez-rembourse-100\/\" \/>\n<meta property=\"og:locale\" content=\"fr_FR\" \/>\n<meta property=\"og:type\" content=\"article\" \/>\n<meta property=\"og:title\" content=\"Kommunikation: Uhrzeiten \u2013 Niveau A2 - PILOSA.STUDY\" \/>\n<meta property=\"og:description\" content=\"Mit unseren\u00a0interaktiven \u00dcbungen \u201cKommunikation: Uhrzeiten\u201d\u00a0 lernen Sie Schritt f\u00fcr Schritt, die Uhrzeiten auf Deutsch zu verstehen und korrekt die Zeit zu sagen. Egal, ob Sie Ihren Tagesablauf beschreiben oder einen Termin vereinbaren \u2013 mit diesen kostenlosen \u00dcbungen sind Sie immer zur richtigen Zeit am richtigen Ort.\" \/>\n<meta property=\"og:url\" content=\"https:\/\/pilosa.study\/fr\/produit\/sans-autre-question-ou-obstacle-vous-serez-rembourse-100\/\" \/>\n<meta property=\"og:site_name\" content=\"PILOSA.STUDY\" \/>\n<meta property=\"article:publisher\" content=\"https:\/\/www.facebook.com\/pilosa.study\" \/>\n<meta property=\"article:modified_time\" content=\"2025-06-12T02:25:52+00:00\" \/>\n<meta property=\"og:image\" content=\"https:\/\/pilosa.study\/wp-content\/uploads\/2025\/05\/Uebungskurs-Uhrzeiten-A1-A2.jpg\" \/>\n\t<meta property=\"og:image:width\" content=\"1920\" \/>\n\t<meta property=\"og:image:height\" content=\"1080\" \/>\n\t<meta property=\"og:image:type\" content=\"image\/jpeg\" \/>\n<meta name=\"twitter:card\" content=\"summary_large_image\" \/>\n<meta name=\"twitter:label1\" content=\"Dur\u00e9e de lecture estim\u00e9e\" \/>\n\t<meta name=\"twitter:data1\" content=\"1 minute\" \/>\n<script type=\"application\/ld+json\" class=\"yoast-schema-graph\">{\"@context\":\"https:\\\/\\\/schema.org\",\"@graph\":[{\"@type\":\"WebPage\",\"@id\":\"https:\\\/\\\/pilosa.study\\\/produkt\\\/12806\\\/\",\"url\":\"https:\\\/\\\/pilosa.study\\\/produkt\\\/12806\\\/\",\"name\":\"Kommunikation: Uhrzeiten \u2013 Niveau A2 - PILOSA.STUDY\",\"isPartOf\":{\"@id\":\"https:\\\/\\\/pilosa.study\\\/#website\"},\"primaryImageOfPage\":{\"@id\":\"https:\\\/\\\/pilosa.study\\\/produkt\\\/12806\\\/#primaryimage\"},\"image\":{\"@id\":\"https:\\\/\\\/pilosa.study\\\/produkt\\\/12806\\\/#primaryimage\"},\"thumbnailUrl\":\"https:\\\/\\\/pilosa.study\\\/wp-content\\\/uploads\\\/2025\\\/05\\\/Uebungskurs-Uhrzeiten-A1-A2.jpg\",\"datePublished\":\"2025-05-15T07:16:31+00:00\",\"dateModified\":\"2025-06-12T02:25:52+00:00\",\"breadcrumb\":{\"@id\":\"https:\\\/\\\/pilosa.study\\\/produkt\\\/12806\\\/#breadcrumb\"},\"inLanguage\":\"fr-FR\",\"potentialAction\":[{\"@type\":\"ReadAction\",\"target\":[\"https:\\\/\\\/pilosa.study\\\/produkt\\\/12806\\\/\"]}]},{\"@type\":\"ImageObject\",\"inLanguage\":\"fr-FR\",\"@id\":\"https:\\\/\\\/pilosa.study\\\/produkt\\\/12806\\\/#primaryimage\",\"url\":\"https:\\\/\\\/pilosa.study\\\/wp-content\\\/uploads\\\/2025\\\/05\\\/Uebungskurs-Uhrzeiten-A1-A2.jpg\",\"contentUrl\":\"https:\\\/\\\/pilosa.study\\\/wp-content\\\/uploads\\\/2025\\\/05\\\/Uebungskurs-Uhrzeiten-A1-A2.jpg\",\"width\":1920,\"height\":1080,\"caption\":\"PILOSA.STUDY A2 Freier \u00dcbungskurs Kommunikation: Uhrzeiten\"},{\"@type\":\"BreadcrumbList\",\"@id\":\"https:\\\/\\\/pilosa.study\\\/produkt\\\/12806\\\/#breadcrumb\",\"itemListElement\":[{\"@type\":\"ListItem\",\"position\":1,\"name\":\"Home\",\"item\":\"https:\\\/\\\/pilosa.study\\\/\"},{\"@type\":\"ListItem\",\"position\":2,\"name\":\"Shop\",\"item\":\"https:\\\/\\\/pilosa.study\\\/shop\\\/\"},{\"@type\":\"ListItem\",\"position\":3,\"name\":\"Kommunikation: Uhrzeiten \u2013 Niveau A2\"}]},{\"@type\":\"WebSite\",\"@id\":\"https:\\\/\\\/pilosa.study\\\/#website\",\"url\":\"https:\\\/\\\/pilosa.study\\\/\",\"name\":\"PILOSA.STUDY\",\"description\":\"Relaxed yet efficient\",\"publisher\":{\"@id\":\"https:\\\/\\\/pilosa.study\\\/#organization\"},\"potentialAction\":[{\"@type\":\"SearchAction\",\"target\":{\"@type\":\"EntryPoint\",\"urlTemplate\":\"https:\\\/\\\/pilosa.study\\\/?s={search_term_string}\"},\"query-input\":{\"@type\":\"PropertyValueSpecification\",\"valueRequired\":true,\"valueName\":\"search_term_string\"}}],\"inLanguage\":\"fr-FR\"},{\"@type\":\"Organization\",\"@id\":\"https:\\\/\\\/pilosa.study\\\/#organization\",\"name\":\"Pilosa\",\"url\":\"https:\\\/\\\/pilosa.study\\\/\",\"logo\":{\"@type\":\"ImageObject\",\"inLanguage\":\"fr-FR\",\"@id\":\"https:\\\/\\\/pilosa.study\\\/#\\\/schema\\\/logo\\\/image\\\/\",\"url\":\"https:\\\/\\\/pilosa.study\\\/wp-content\\\/uploads\\\/2024\\\/11\\\/Pilosa-Badge-Minimal-OHNE-RAND-2-200x200-1.png\",\"contentUrl\":\"https:\\\/\\\/pilosa.study\\\/wp-content\\\/uploads\\\/2024\\\/11\\\/Pilosa-Badge-Minimal-OHNE-RAND-2-200x200-1.png\",\"width\":200,\"height\":200,\"caption\":\"Pilosa\"},\"image\":{\"@id\":\"https:\\\/\\\/pilosa.study\\\/#\\\/schema\\\/logo\\\/image\\\/\"},\"sameAs\":[\"https:\\\/\\\/www.facebook.com\\\/pilosa.study\",\"https:\\\/\\\/youtube.com\\\/@pilosa\",\"https:\\\/\\\/www.instagram.com\\\/pilosa.study\\\/\"]}]}<\/script>\n<!-- \/ Yoast SEO plugin. -->","yoast_head_json":{"title":"Communication : les heures - niveau A2 - PILOSA.STUDY","robots":{"index":"index","follow":"follow","max-snippet":"max-snippet:-1","max-image-preview":"max-image-preview:large","max-video-preview":"max-video-preview:-1"},"canonical":"https:\/\/pilosa.study\/fr\/produit\/sans-autre-question-ou-obstacle-vous-serez-rembourse-100\/","og_locale":"fr_FR","og_type":"article","og_title":"Kommunikation: Uhrzeiten \u2013 Niveau A2 - PILOSA.STUDY","og_description":"Mit unseren\u00a0interaktiven \u00dcbungen \u201cKommunikation: Uhrzeiten\u201d\u00a0 lernen Sie Schritt f\u00fcr Schritt, die Uhrzeiten auf Deutsch zu verstehen und korrekt die Zeit zu sagen. Egal, ob Sie Ihren Tagesablauf beschreiben oder einen Termin vereinbaren \u2013 mit diesen kostenlosen \u00dcbungen sind Sie immer zur richtigen Zeit am richtigen Ort.","og_url":"https:\/\/pilosa.study\/fr\/produit\/sans-autre-question-ou-obstacle-vous-serez-rembourse-100\/","og_site_name":"PILOSA.STUDY","article_publisher":"https:\/\/www.facebook.com\/pilosa.study","article_modified_time":"2025-06-12T02:25:52+00:00","og_image":[{"width":1920,"height":1080,"url":"https:\/\/pilosa.study\/wp-content\/uploads\/2025\/05\/Uebungskurs-Uhrzeiten-A1-A2.jpg","type":"image\/jpeg"}],"twitter_card":"summary_large_image","twitter_misc":{"Dur\u00e9e de lecture estim\u00e9e":"1 minute"},"schema":{"@context":"https:\/\/schema.org","@graph":[{"@type":"WebPage","@id":"https:\/\/pilosa.study\/produkt\/12806\/","url":"https:\/\/pilosa.study\/produkt\/12806\/","name":"Communication : les heures - niveau A2 - PILOSA.STUDY","isPartOf":{"@id":"https:\/\/pilosa.study\/#website"},"primaryImageOfPage":{"@id":"https:\/\/pilosa.study\/produkt\/12806\/#primaryimage"},"image":{"@id":"https:\/\/pilosa.study\/produkt\/12806\/#primaryimage"},"thumbnailUrl":"https:\/\/pilosa.study\/wp-content\/uploads\/2025\/05\/Uebungskurs-Uhrzeiten-A1-A2.jpg","datePublished":"2025-05-15T07:16:31+00:00","dateModified":"2025-06-12T02:25:52+00:00","breadcrumb":{"@id":"https:\/\/pilosa.study\/produkt\/12806\/#breadcrumb"},"inLanguage":"fr-FR","potentialAction":[{"@type":"ReadAction","target":["https:\/\/pilosa.study\/produkt\/12806\/"]}]},{"@type":"ImageObject","inLanguage":"fr-FR","@id":"https:\/\/pilosa.study\/produkt\/12806\/#primaryimage","url":"https:\/\/pilosa.study\/wp-content\/uploads\/2025\/05\/Uebungskurs-Uhrzeiten-A1-A2.jpg","contentUrl":"https:\/\/pilosa.study\/wp-content\/uploads\/2025\/05\/Uebungskurs-Uhrzeiten-A1-A2.jpg","width":1920,"height":1080,"caption":"PILOSA.STUDY A2 Freier \u00dcbungskurs Kommunikation: Uhrzeiten"},{"@type":"BreadcrumbList","@id":"https:\/\/pilosa.study\/produkt\/12806\/#breadcrumb","itemListElement":[{"@type":"ListItem","position":1,"name":"Home","item":"https:\/\/pilosa.study\/"},{"@type":"ListItem","position":2,"name":"Shop","item":"https:\/\/pilosa.study\/shop\/"},{"@type":"ListItem","position":3,"name":"Kommunikation: Uhrzeiten \u2013 Niveau A2"}]},{"@type":"WebSite","@id":"https:\/\/pilosa.study\/#website","url":"https:\/\/pilosa.study\/","name":"PILOSA.STUDY","description":"Relaxed yet efficient","publisher":{"@id":"https:\/\/pilosa.study\/#organization"},"potentialAction":[{"@type":"SearchAction","target":{"@type":"EntryPoint","urlTemplate":"https:\/\/pilosa.study\/?s={search_term_string}"},"query-input":{"@type":"PropertyValueSpecification","valueRequired":true,"valueName":"search_term_string"}}],"inLanguage":"fr-FR"},{"@type":"Organization","@id":"https:\/\/pilosa.study\/#organization","name":"Pilosa","url":"https:\/\/pilosa.study\/","logo":{"@type":"ImageObject","inLanguage":"fr-FR","@id":"https:\/\/pilosa.study\/#\/schema\/logo\/image\/","url":"https:\/\/pilosa.study\/wp-content\/uploads\/2024\/11\/Pilosa-Badge-Minimal-OHNE-RAND-2-200x200-1.png","contentUrl":"https:\/\/pilosa.study\/wp-content\/uploads\/2024\/11\/Pilosa-Badge-Minimal-OHNE-RAND-2-200x200-1.png","width":200,"height":200,"caption":"Pilosa"},"image":{"@id":"https:\/\/pilosa.study\/#\/schema\/logo\/image\/"},"sameAs":["https:\/\/www.facebook.com\/pilosa.study","https:\/\/youtube.com\/@pilosa","https:\/\/www.instagram.com\/pilosa.study\/"]}]}},"taxonomy_info":{"product_cat":[{"value":145,"label":"Deutsch"},{"value":167,"label":"Kommunikation"}]},"featured_image_src_large":["https:\/\/pilosa.study\/wp-content\/uploads\/2025\/05\/Uebungskurs-Uhrzeiten-A1-A2-1024x576.jpg",1024,576,true],"author_info":[],"comment_info":0,"_links":{"self":[{"href":"https:\/\/pilosa.study\/fr\/wp-json\/wp\/v2\/product\/12806","targetHints":{"allow":["GET"]}}],"collection":[{"href":"https:\/\/pilosa.study\/fr\/wp-json\/wp\/v2\/product"}],"about":[{"href":"https:\/\/pilosa.study\/fr\/wp-json\/wp\/v2\/types\/product"}],"replies":[{"embeddable":true,"href":"https:\/\/pilosa.study\/fr\/wp-json\/wp\/v2\/comments?post=12806"}],"wp:featuredmedia":[{"embeddable":true,"href":"https:\/\/pilosa.study\/fr\/wp-json\/wp\/v2\/media\/12642"}],"wp:attachment":[{"href":"https:\/\/pilosa.study\/fr\/wp-json\/wp\/v2\/media?parent=12806"}],"wp:term":[{"taxonomy":"product_brand","embeddable":true,"href":"https:\/\/pilosa.study\/fr\/wp-json\/wp\/v2\/product_brand?post=12806"},{"taxonomy":"product_cat","embeddable":true,"href":"https:\/\/pilosa.study\/fr\/wp-json\/wp\/v2\/product_cat?post=12806"},{"taxonomy":"product_tag","embeddable":true,"href":"https:\/\/pilosa.study\/fr\/wp-json\/wp\/v2\/product_tag?post=12806"}],"curies":[{"name":"wp","href":"https:\/\/api.w.org\/{rel}","templated":true}]}}