{"id":9779,"date":"2024-09-23T16:03:50","date_gmt":"2024-09-23T07:03:50","guid":{"rendered":"https:\/\/staging.pilosa.study\/?post_type=product&#038;p=9779"},"modified":"2025-05-15T16:21:00","modified_gmt":"2025-05-15T07:21:00","slug":"noms-allemands-a1-2","status":"publish","type":"product","link":"https:\/\/pilosa.study\/fr\/produkt\/deutsche-nomen-a1-2\/","title":{"rendered":"Selbstlernkurs Deutsche Nomen \u2022 Niveau A1\/A2  (Coming soon ...)"},"content":{"rendered":"<h1><b>Apprenez la grammaire de l'anglais <em>Noms allemands<\/em> sur <em>Niveau A1\/A2<\/em>\u00a0<\/b><\/h1>\n<p class=\"p2\">Vous souhaitez ma\u00eetriser la langue allemande de fond en comble ? Notre cours d'auto-apprentissage \"Noms allemands - niveau A1\/A2\" vous offre la base parfaite. Bas\u00e9 sur le Cadre europ\u00e9en commun de r\u00e9f\u00e9rence (CECR), nous vous enseignons les subtilit\u00e9s des noms allemands, du genre \u00e0 la d\u00e9clinaison en passant par le singulier et le pluriel - tout sera compr\u00e9hensible et facile \u00e0 mettre en \u0153uvre pour vous.<\/p>\n<h2 class=\"p4\">Ce que le cours vous offre :<\/h2>\n<ul class=\"ul1\">\n<li class=\"li2\">Des exercices interactifs : Des exercices pratiques passionnants, r\u00e9partis sur trois modules.<\/li>\n<li class=\"li2\">Tableaux de d\u00e9clinaison et films : Des supports d'apprentissage pr\u00e9sent\u00e9s de mani\u00e8re visuelle permettent de mieux comprendre les concepts.<\/li>\n<li class=\"li2\">Ma\u00eetrise des cas : apprenez \u00e0 utiliser les noms avec assurance au nominatif, \u00e0 l'accusatif et au datif.<\/li>\n<li class=\"li2\">Le genre et les formes du pluriel : Apprenez les r\u00e8gles de base et habituez-vous aux formes qui vous permettront de progresser dans votre apprentissage.<\/li>\n<\/ul>\n<h2 class=\"p4\">Structure du cours :<\/h2>\n<ul class=\"ul1\">\n<li class=\"li2\">Adapt\u00e9 aux d\u00e9butants : con\u00e7u id\u00e9alement pour l'auto-apprentissage, avec des le\u00e7ons claires et bien structur\u00e9es.<\/li>\n<li class=\"li2\">M\u00e9thodes d'apprentissage innovantes : les principes didactiques modernes garantissent un apprentissage efficace.<\/li>\n<li class=\"li2\">Parle votre langue : des explications d\u00e9taill\u00e9es en allemand, en anglais et en japonais rendent le cours adapt\u00e9 aux apprenants les plus divers.<\/li>\n<li class=\"li2\">Contr\u00f4le de l'apprentissage et certificat : contr\u00f4lez vos progr\u00e8s gr\u00e2ce \u00e0 des tests r\u00e9guliers et obtenez un certificat apr\u00e8s chaque le\u00e7on.<\/li>\n<\/ul>\n<h2 class=\"p2\">D\u00e9velopp\u00e9 par des experts pour votre succ\u00e8s<\/h2>\n<p class=\"p2\">Notre cours a \u00e9t\u00e9 cr\u00e9\u00e9 par Dr. Oliver Bayerlein, un expert renomm\u00e9 avec plus de 30 ans d'exp\u00e9rience dans l'enseignement en Allemagne et au Japon. Sa vaste exp\u00e9rience et son expertise vous offrent un processus d'apprentissage s\u00fbr et r\u00e9ussi.<\/p>\n<p class=\"p2\">Sautez par-dessus votre \u00e9paule et commencez d\u00e8s aujourd'hui ! Avec notre cours, vous d\u00e9velopperez vos comp\u00e9tences linguistiques au niveau sup\u00e9rieur.<\/p>\n<p class=\"p2\">Inscrivez-vous d\u00e8s maintenant et prenez votre envol !<\/p>","protected":false},"excerpt":{"rendered":"<p>Mettez-vous au point sur la grammaire des noms allemands au niveau A1\/A2 Vous souhaitez ma\u00eetriser la langue allemande de fond en comble ? Notre cours d'auto-apprentissage \"Noms allemands - niveau A1\/A2\" vous offre la base parfaite. Bas\u00e9 sur le Cadre europ\u00e9en commun de r\u00e9f\u00e9rence (CECR), nous vous enseignons les subtilit\u00e9s des noms allemands, du genre \u00e0 la d\u00e9clinaison en passant par...<\/p>","protected":false},"featured_media":11495,"comment_status":"open","ping_status":"closed","template":"","meta":{"_kad_blocks_custom_css":"","_kad_blocks_head_custom_js":"","_kad_blocks_body_custom_js":"","_kad_blocks_footer_custom_js":"","_kad_post_transparent":"default","_kad_post_title":"","_kad_post_layout":"default","_kad_post_sidebar_id":"","_kad_post_content_style":"default","_kad_post_vertical_padding":"default","_kad_post_feature":"","_kad_post_feature_position":"","_kad_post_header":false,"_kad_post_footer":false,"_kad_post_classname":""},"product_brand":[],"product_cat":[145,72,69],"product_tag":[73,150],"class_list":{"0":"post-9779","1":"product","2":"type-product","3":"status-publish","4":"has-post-thumbnail","6":"product_cat-deutsch","7":"product_cat-niveau-a","8":"product_cat-selbstlernkurs","9":"product_tag-deutsch","10":"product_tag-nomen","12":"first","13":"outofstock","14":"virtual","15":"sold-individually","16":"taxable","17":"purchasable","18":"product-type-course","19":"entry","20":"content-bg","21":"loop-entry"},"yoast_head":"<!-- This site is optimized with the Yoast SEO plugin v27.4 - https:\/\/yoast.com\/product\/yoast-seo-wordpress\/ -->\n<title>Selbstlernkurs Deutsche Nomen \u2022 Niveau A1\/A2 (Demn\u00e4chst \u2026) - PILOSA.STUDY<\/title>\n<meta name=\"robots\" content=\"index, follow, max-snippet:-1, max-image-preview:large, max-video-preview:-1\" \/>\n<link rel=\"canonical\" href=\"https:\/\/pilosa.study\/fr\/produit\/noms-allemands-a1-2\/\" \/>\n<meta property=\"og:locale\" content=\"fr_FR\" \/>\n<meta property=\"og:type\" content=\"article\" \/>\n<meta property=\"og:title\" content=\"Selbstlernkurs Deutsche Nomen \u2022 Niveau A1\/A2 (Demn\u00e4chst \u2026) - PILOSA.STUDY\" \/>\n<meta property=\"og:description\" content=\"Machen Sie sich fit in Grammatik der Deutschen Nomen auf Niveau A1\/A2\u00a0 M\u00f6chten Sie die deutsche Sprache von Grund auf meistern? Unser Selbstlernkurs &#8220;Deutsche Nomen \u2022 Niveau A1\/A2&#8221; bietet Ihnen das perfekte Fundament. Basierend auf dem Gemeinsamen Europ\u00e4ischen Referenzrahmen (GER) bringen wir Ihnen die Feinheiten deutscher Nomen bei, von Genus \u00fcber Deklination bis hin zu...\" \/>\n<meta property=\"og:url\" content=\"https:\/\/pilosa.study\/fr\/produit\/noms-allemands-a1-2\/\" \/>\n<meta property=\"og:site_name\" content=\"PILOSA.STUDY\" \/>\n<meta property=\"article:publisher\" content=\"https:\/\/www.facebook.com\/pilosa.study\" \/>\n<meta property=\"article:modified_time\" content=\"2025-05-15T07:21:00+00:00\" \/>\n<meta property=\"og:image\" content=\"https:\/\/pilosa.study\/wp-content\/uploads\/2024\/12\/Selbstlernkurs-Deutsche-Nomen-A1-A2-800x450@80.webp\" \/>\n\t<meta property=\"og:image:width\" content=\"800\" \/>\n\t<meta property=\"og:image:height\" content=\"450\" \/>\n\t<meta property=\"og:image:type\" content=\"image\/webp\" \/>\n<meta name=\"twitter:card\" content=\"summary_large_image\" \/>\n<meta name=\"twitter:label1\" content=\"Dur\u00e9e de lecture estim\u00e9e\" \/>\n\t<meta name=\"twitter:data1\" content=\"2 minutes\" \/>\n<script type=\"application\/ld+json\" class=\"yoast-schema-graph\">{\"@context\":\"https:\\\/\\\/schema.org\",\"@graph\":[{\"@type\":\"WebPage\",\"@id\":\"https:\\\/\\\/pilosa.study\\\/produkt\\\/deutsche-nomen-a1-2\\\/\",\"url\":\"https:\\\/\\\/pilosa.study\\\/produkt\\\/deutsche-nomen-a1-2\\\/\",\"name\":\"Selbstlernkurs Deutsche Nomen \u2022 Niveau A1\\\/A2 (Demn\u00e4chst \u2026) - PILOSA.STUDY\",\"isPartOf\":{\"@id\":\"https:\\\/\\\/pilosa.study\\\/#website\"},\"primaryImageOfPage\":{\"@id\":\"https:\\\/\\\/pilosa.study\\\/produkt\\\/deutsche-nomen-a1-2\\\/#primaryimage\"},\"image\":{\"@id\":\"https:\\\/\\\/pilosa.study\\\/produkt\\\/deutsche-nomen-a1-2\\\/#primaryimage\"},\"thumbnailUrl\":\"https:\\\/\\\/pilosa.study\\\/wp-content\\\/uploads\\\/2024\\\/12\\\/Selbstlernkurs-Deutsche-Nomen-A1-A2-800x450@80.webp\",\"datePublished\":\"2024-09-23T07:03:50+00:00\",\"dateModified\":\"2025-05-15T07:21:00+00:00\",\"breadcrumb\":{\"@id\":\"https:\\\/\\\/pilosa.study\\\/produkt\\\/deutsche-nomen-a1-2\\\/#breadcrumb\"},\"inLanguage\":\"fr-FR\",\"potentialAction\":[{\"@type\":\"ReadAction\",\"target\":[\"https:\\\/\\\/pilosa.study\\\/produkt\\\/deutsche-nomen-a1-2\\\/\"]}]},{\"@type\":\"ImageObject\",\"inLanguage\":\"fr-FR\",\"@id\":\"https:\\\/\\\/pilosa.study\\\/produkt\\\/deutsche-nomen-a1-2\\\/#primaryimage\",\"url\":\"https:\\\/\\\/pilosa.study\\\/wp-content\\\/uploads\\\/2024\\\/12\\\/Selbstlernkurs-Deutsche-Nomen-A1-A2-800x450@80.webp\",\"contentUrl\":\"https:\\\/\\\/pilosa.study\\\/wp-content\\\/uploads\\\/2024\\\/12\\\/Selbstlernkurs-Deutsche-Nomen-A1-A2-800x450@80.webp\",\"width\":800,\"height\":450,\"caption\":\"PILOSA.STUDY - Selbstlernkurs \\\"Deutsche Nomen\\\" Niveau A2 | Coming Soon\"},{\"@type\":\"BreadcrumbList\",\"@id\":\"https:\\\/\\\/pilosa.study\\\/produkt\\\/deutsche-nomen-a1-2\\\/#breadcrumb\",\"itemListElement\":[{\"@type\":\"ListItem\",\"position\":1,\"name\":\"Home\",\"item\":\"https:\\\/\\\/pilosa.study\\\/\"},{\"@type\":\"ListItem\",\"position\":2,\"name\":\"Shop\",\"item\":\"https:\\\/\\\/pilosa.study\\\/shop\\\/\"},{\"@type\":\"ListItem\",\"position\":3,\"name\":\"Selbstlernkurs Deutsche Nomen \u2022 Niveau A1\\\/A2 (Demn\u00e4chst \u2026)\"}]},{\"@type\":\"WebSite\",\"@id\":\"https:\\\/\\\/pilosa.study\\\/#website\",\"url\":\"https:\\\/\\\/pilosa.study\\\/\",\"name\":\"PILOSA.STUDY\",\"description\":\"Relaxed yet efficient\",\"publisher\":{\"@id\":\"https:\\\/\\\/pilosa.study\\\/#organization\"},\"potentialAction\":[{\"@type\":\"SearchAction\",\"target\":{\"@type\":\"EntryPoint\",\"urlTemplate\":\"https:\\\/\\\/pilosa.study\\\/?s={search_term_string}\"},\"query-input\":{\"@type\":\"PropertyValueSpecification\",\"valueRequired\":true,\"valueName\":\"search_term_string\"}}],\"inLanguage\":\"fr-FR\"},{\"@type\":\"Organization\",\"@id\":\"https:\\\/\\\/pilosa.study\\\/#organization\",\"name\":\"Pilosa\",\"url\":\"https:\\\/\\\/pilosa.study\\\/\",\"logo\":{\"@type\":\"ImageObject\",\"inLanguage\":\"fr-FR\",\"@id\":\"https:\\\/\\\/pilosa.study\\\/#\\\/schema\\\/logo\\\/image\\\/\",\"url\":\"https:\\\/\\\/pilosa.study\\\/wp-content\\\/uploads\\\/2024\\\/11\\\/Pilosa-Badge-Minimal-OHNE-RAND-2-200x200-1.png\",\"contentUrl\":\"https:\\\/\\\/pilosa.study\\\/wp-content\\\/uploads\\\/2024\\\/11\\\/Pilosa-Badge-Minimal-OHNE-RAND-2-200x200-1.png\",\"width\":200,\"height\":200,\"caption\":\"Pilosa\"},\"image\":{\"@id\":\"https:\\\/\\\/pilosa.study\\\/#\\\/schema\\\/logo\\\/image\\\/\"},\"sameAs\":[\"https:\\\/\\\/www.facebook.com\\\/pilosa.study\",\"https:\\\/\\\/youtube.com\\\/@pilosa\",\"https:\\\/\\\/www.instagram.com\\\/pilosa.study\\\/\"]}]}<\/script>\n<!-- \/ Yoast SEO plugin. -->","yoast_head_json":{"title":"Cours d'autoformation sur les noms allemands - Niveau A1\/A2 (Prochainement ...) - PILOSA.STUDY","robots":{"index":"index","follow":"follow","max-snippet":"max-snippet:-1","max-image-preview":"max-image-preview:large","max-video-preview":"max-video-preview:-1"},"canonical":"https:\/\/pilosa.study\/fr\/produit\/noms-allemands-a1-2\/","og_locale":"fr_FR","og_type":"article","og_title":"Selbstlernkurs Deutsche Nomen \u2022 Niveau A1\/A2 (Demn\u00e4chst \u2026) - PILOSA.STUDY","og_description":"Machen Sie sich fit in Grammatik der Deutschen Nomen auf Niveau A1\/A2\u00a0 M\u00f6chten Sie die deutsche Sprache von Grund auf meistern? Unser Selbstlernkurs &#8220;Deutsche Nomen \u2022 Niveau A1\/A2&#8221; bietet Ihnen das perfekte Fundament. Basierend auf dem Gemeinsamen Europ\u00e4ischen Referenzrahmen (GER) bringen wir Ihnen die Feinheiten deutscher Nomen bei, von Genus \u00fcber Deklination bis hin zu...","og_url":"https:\/\/pilosa.study\/fr\/produit\/noms-allemands-a1-2\/","og_site_name":"PILOSA.STUDY","article_publisher":"https:\/\/www.facebook.com\/pilosa.study","article_modified_time":"2025-05-15T07:21:00+00:00","og_image":[{"width":800,"height":450,"url":"https:\/\/pilosa.study\/wp-content\/uploads\/2024\/12\/Selbstlernkurs-Deutsche-Nomen-A1-A2-800x450@80.webp","type":"image\/webp"}],"twitter_card":"summary_large_image","twitter_misc":{"Dur\u00e9e de lecture estim\u00e9e":"2 minutes"},"schema":{"@context":"https:\/\/schema.org","@graph":[{"@type":"WebPage","@id":"https:\/\/pilosa.study\/produkt\/deutsche-nomen-a1-2\/","url":"https:\/\/pilosa.study\/produkt\/deutsche-nomen-a1-2\/","name":"Cours d'autoformation sur les noms allemands - Niveau A1\/A2 (Prochainement ...) - PILOSA.STUDY","isPartOf":{"@id":"https:\/\/pilosa.study\/#website"},"primaryImageOfPage":{"@id":"https:\/\/pilosa.study\/produkt\/deutsche-nomen-a1-2\/#primaryimage"},"image":{"@id":"https:\/\/pilosa.study\/produkt\/deutsche-nomen-a1-2\/#primaryimage"},"thumbnailUrl":"https:\/\/pilosa.study\/wp-content\/uploads\/2024\/12\/Selbstlernkurs-Deutsche-Nomen-A1-A2-800x450@80.webp","datePublished":"2024-09-23T07:03:50+00:00","dateModified":"2025-05-15T07:21:00+00:00","breadcrumb":{"@id":"https:\/\/pilosa.study\/produkt\/deutsche-nomen-a1-2\/#breadcrumb"},"inLanguage":"fr-FR","potentialAction":[{"@type":"ReadAction","target":["https:\/\/pilosa.study\/produkt\/deutsche-nomen-a1-2\/"]}]},{"@type":"ImageObject","inLanguage":"fr-FR","@id":"https:\/\/pilosa.study\/produkt\/deutsche-nomen-a1-2\/#primaryimage","url":"https:\/\/pilosa.study\/wp-content\/uploads\/2024\/12\/Selbstlernkurs-Deutsche-Nomen-A1-A2-800x450@80.webp","contentUrl":"https:\/\/pilosa.study\/wp-content\/uploads\/2024\/12\/Selbstlernkurs-Deutsche-Nomen-A1-A2-800x450@80.webp","width":800,"height":450,"caption":"PILOSA.STUDY - Selbstlernkurs \"Deutsche Nomen\" Niveau A2 | Coming Soon"},{"@type":"BreadcrumbList","@id":"https:\/\/pilosa.study\/produkt\/deutsche-nomen-a1-2\/#breadcrumb","itemListElement":[{"@type":"ListItem","position":1,"name":"Home","item":"https:\/\/pilosa.study\/"},{"@type":"ListItem","position":2,"name":"Shop","item":"https:\/\/pilosa.study\/shop\/"},{"@type":"ListItem","position":3,"name":"Selbstlernkurs Deutsche Nomen \u2022 Niveau A1\/A2 (Demn\u00e4chst \u2026)"}]},{"@type":"WebSite","@id":"https:\/\/pilosa.study\/#website","url":"https:\/\/pilosa.study\/","name":"PILOSA.STUDY","description":"Relaxed yet efficient","publisher":{"@id":"https:\/\/pilosa.study\/#organization"},"potentialAction":[{"@type":"SearchAction","target":{"@type":"EntryPoint","urlTemplate":"https:\/\/pilosa.study\/?s={search_term_string}"},"query-input":{"@type":"PropertyValueSpecification","valueRequired":true,"valueName":"search_term_string"}}],"inLanguage":"fr-FR"},{"@type":"Organization","@id":"https:\/\/pilosa.study\/#organization","name":"Pilosa","url":"https:\/\/pilosa.study\/","logo":{"@type":"ImageObject","inLanguage":"fr-FR","@id":"https:\/\/pilosa.study\/#\/schema\/logo\/image\/","url":"https:\/\/pilosa.study\/wp-content\/uploads\/2024\/11\/Pilosa-Badge-Minimal-OHNE-RAND-2-200x200-1.png","contentUrl":"https:\/\/pilosa.study\/wp-content\/uploads\/2024\/11\/Pilosa-Badge-Minimal-OHNE-RAND-2-200x200-1.png","width":200,"height":200,"caption":"Pilosa"},"image":{"@id":"https:\/\/pilosa.study\/#\/schema\/logo\/image\/"},"sameAs":["https:\/\/www.facebook.com\/pilosa.study","https:\/\/youtube.com\/@pilosa","https:\/\/www.instagram.com\/pilosa.study\/"]}]}},"taxonomy_info":{"product_cat":[{"value":145,"label":"Deutsch"},{"value":72,"label":"Niveau A"},{"value":69,"label":"Selbstlernkurs"}],"product_tag":[{"value":73,"label":"Deutsch"},{"value":150,"label":"Nomen"}]},"featured_image_src_large":["https:\/\/pilosa.study\/wp-content\/uploads\/2024\/12\/Selbstlernkurs-Deutsche-Nomen-A1-A2-800x450@80.webp",800,450,false],"author_info":[],"comment_info":0,"_links":{"self":[{"href":"https:\/\/pilosa.study\/fr\/wp-json\/wp\/v2\/product\/9779","targetHints":{"allow":["GET"]}}],"collection":[{"href":"https:\/\/pilosa.study\/fr\/wp-json\/wp\/v2\/product"}],"about":[{"href":"https:\/\/pilosa.study\/fr\/wp-json\/wp\/v2\/types\/product"}],"replies":[{"embeddable":true,"href":"https:\/\/pilosa.study\/fr\/wp-json\/wp\/v2\/comments?post=9779"}],"wp:featuredmedia":[{"embeddable":true,"href":"https:\/\/pilosa.study\/fr\/wp-json\/wp\/v2\/media\/11495"}],"wp:attachment":[{"href":"https:\/\/pilosa.study\/fr\/wp-json\/wp\/v2\/media?parent=9779"}],"wp:term":[{"taxonomy":"product_brand","embeddable":true,"href":"https:\/\/pilosa.study\/fr\/wp-json\/wp\/v2\/product_brand?post=9779"},{"taxonomy":"product_cat","embeddable":true,"href":"https:\/\/pilosa.study\/fr\/wp-json\/wp\/v2\/product_cat?post=9779"},{"taxonomy":"product_tag","embeddable":true,"href":"https:\/\/pilosa.study\/fr\/wp-json\/wp\/v2\/product_tag?post=9779"}],"curies":[{"name":"wp","href":"https:\/\/api.w.org\/{rel}","templated":true}]}}