{"id":9786,"date":"2024-09-23T16:34:45","date_gmt":"2024-09-23T07:34:45","guid":{"rendered":"https:\/\/staging.pilosa.study\/?post_type=product&#038;p=9786"},"modified":"2025-06-30T21:39:55","modified_gmt":"2025-06-30T12:39:55","slug":"verbes-allemands-niveau-a1-a2","status":"publish","type":"product","link":"https:\/\/pilosa.study\/fr\/produkt\/deutsche-verben-niveau-a1-a2\/","title":{"rendered":"Selbstlernkurs Deutsche Verben \u2022 Niveau A1\/A2"},"content":{"rendered":"<h1 class=\"p1\"><span class=\"s1\"><b>Bienvenue chez <em>Verbes allemands<\/em> -<em>\u00a0A1\/A2<\/em><\/b><\/span><\/h1>\n<p>Commencez votre voyage vers l'allemand parfait et ma\u00eetrisez d\u00e8s maintenant avec notre <em>Cours d'autoapprentissage sur les verbes allemands - A1\/A2<\/em> les verbes des niveaux A1 et A2 en quelques semaines seulement ! Apprenez les formes, la signification et l'utilisation dans des contextes significatifs, bas\u00e9s sur le Cadre europ\u00e9en commun de r\u00e9f\u00e9rence. Inscrivez-vous d\u00e8s aujourd'hui.<\/p>\n<p><strong>Contenu du cours :<\/strong><\/p>\n<ul>\n<li>30 t\u00e2ches interactives avec plus de 180 questions, r\u00e9parties en six modules clairs<\/li>\n<li>Tableaux de conjugaison et films didactiques pour soutenir la compr\u00e9hension<\/li>\n<li>Approfondissement des connaissances sur le pr\u00e9sent, le parfait et le pr\u00e9t\u00e9rit<\/li>\n<li>Ma\u00eetrise des verbes de modalit\u00e9 et de l'imp\u00e9ratif<\/li>\n<li>D\u00e9couverte de verbes particuliers (aimer, laisser, conna\u00eetre, savoir)<\/li>\n<\/ul>\n<p>Gr\u00e2ce \u00e0 nos explications d\u00e9taill\u00e9es en allemand, en anglais et en japonais, le <em>Cours d'autoapprentissage sur les verbes allemands - A1\/A2<\/em> convient \u00e0 de nombreux apprenants ! Passez facilement d'une langue \u00e0 l'autre gr\u00e2ce aux explications m\u00e9talinguistiques et rendez votre apprentissage aussi agr\u00e9able et efficace que possible.<\/p>\n<p><strong>Structure du cours :<\/strong><\/p>\n<ul>\n<li>Convivialit\u00e9 pour les d\u00e9butants et structure logique<\/li>\n<li>Bas\u00e9 sur des m\u00e9thodes d'apprentissage et des principes didactiques modernes<\/li>\n<li>Parfaitement adapt\u00e9 au mode d'apprentissage autonome<\/li>\n<li>Contr\u00f4le de l'apprentissage et certificat apr\u00e8s chaque le\u00e7on<\/li>\n<\/ul>\n<p><strong>D\u00e9veloppeurs :<\/strong><br \/>\nCe cours a \u00e9t\u00e9 cr\u00e9\u00e9 par <a href=\"https:\/\/oliverbayerlein.com\" target=\"_blank\" rel=\"noopener\">Dr. Oliver Bayerlein<\/a>. Il est un expert renomm\u00e9 avec plus de 30 ans d'exp\u00e9rience dans l'enseignement en Allemagne et au Japon. Sa vaste expertise vous assure un processus d'apprentissage efficace et r\u00e9ussi.<\/p>\n<p>Le contenu est bas\u00e9 sur la <a href=\"https:\/\/shop.hueber.de\/de\/reihen-und-lehrwerke\/ubungsgrammatik-fur-anfanger.html\" target=\"_blank\" rel=\"noopener\"><em>Grammaire d'exercice de l'allemand comme langue \u00e9trang\u00e8re pour d\u00e9butants<\/em><\/a> (Hueber Verlag) de Renate Luscher.<\/p>\n<p><strong>Inscrivez-vous maintenant et d\u00e9marrez au prix de deux caf\u00e9s latte<\/strong>\ud83e\udd64\ud83e\udd64<strong>!<\/strong><\/p>","protected":false},"excerpt":{"rendered":"<p>\u00cates-vous pr\u00eat \u00e0 faire passer vos connaissances en allemand au niveau sup\u00e9rieur ? Notre cours d'auto-apprentissage sp\u00e9cialement con\u00e7u <span style=\"color: #ff6600;\">Verbes allemands A1\/A2<\/span>\u00a0vous offre le m\u00e9lange parfait de flexibilit\u00e9 et de structure. Que vous pr\u00e9f\u00e9riez proc\u00e9der de mani\u00e8re approfondie, \u00e9tape par \u00e9tape, ou que vous souhaitiez vous lancer \u00e0 votre propre rythme, vous avez le choix ! Gr\u00e2ce \u00e0 des t\u00e2ches vari\u00e9es et \u00e0 des exercices interactifs, l'apprentissage reste passionnant et efficace. Des contr\u00f4les r\u00e9guliers de vos progr\u00e8s vous aident \u00e0 garder une vue d'ensemble et \u00e0 rester motiv\u00e9.<\/p>\n<p>Pourquoi attendre ? Ma\u00eetrisez d\u00e8s aujourd'hui les verbes au niveau A1\/A2 !<\/p>","protected":false},"featured_media":11471,"comment_status":"open","ping_status":"closed","template":"","meta":{"_kad_blocks_custom_css":"","_kad_blocks_head_custom_js":"","_kad_blocks_body_custom_js":"","_kad_blocks_footer_custom_js":"","_kad_post_transparent":"default","_kad_post_title":"","_kad_post_layout":"default","_kad_post_sidebar_id":"","_kad_post_content_style":"default","_kad_post_vertical_padding":"default","_kad_post_feature":"","_kad_post_feature_position":"","_kad_post_header":false,"_kad_post_footer":false,"_kad_post_classname":""},"product_brand":[],"product_cat":[145,72,69],"product_tag":[73,76,149],"class_list":{"0":"post-9786","1":"product","2":"type-product","3":"status-publish","4":"has-post-thumbnail","6":"product_cat-deutsch","7":"product_cat-niveau-a","8":"product_cat-selbstlernkurs","9":"product_tag-deutsch","10":"product_tag-selbstlernkurs","11":"product_tag-verben","13":"first","14":"instock","15":"featured","16":"virtual","17":"sold-individually","18":"taxable","19":"purchasable","20":"product-type-simple","21":"entry","22":"content-bg","23":"loop-entry"},"yoast_head":"<!-- This site is optimized with the Yoast SEO plugin v27.4 - https:\/\/yoast.com\/product\/yoast-seo-wordpress\/ -->\n<title>Selbstlernkurs Deutsche Verben Niveau A1\/A2<\/title>\n<meta name=\"description\" content=\"Meistere Verben im &quot;Selbstlernkurs Deutsche Verben Niveau A1\/A2&quot;. Interaktive Aufgaben, mehrsprachige Erkl\u00e4rungen und effektive Lernmethoden.\" \/>\n<meta name=\"robots\" content=\"index, follow, max-snippet:-1, max-image-preview:large, max-video-preview:-1\" \/>\n<link rel=\"canonical\" href=\"https:\/\/pilosa.study\/fr\/produit\/verbes-allemands-niveau-a1-a2\/\" \/>\n<meta property=\"og:locale\" content=\"fr_FR\" \/>\n<meta property=\"og:type\" content=\"article\" \/>\n<meta property=\"og:title\" content=\"Selbstlernkurs Deutsche Verben Niveau A1\/A2\" \/>\n<meta property=\"og:description\" content=\"Meistere Verben im &quot;Selbstlernkurs Deutsche Verben Niveau A1\/A2&quot;. Interaktive Aufgaben, mehrsprachige Erkl\u00e4rungen und effektive Lernmethoden.\" \/>\n<meta property=\"og:url\" content=\"https:\/\/pilosa.study\/fr\/produit\/verbes-allemands-niveau-a1-a2\/\" \/>\n<meta property=\"og:site_name\" content=\"PILOSA.STUDY\" \/>\n<meta property=\"article:publisher\" content=\"https:\/\/www.facebook.com\/pilosa.study\" \/>\n<meta property=\"article:modified_time\" content=\"2025-06-30T12:39:55+00:00\" \/>\n<meta property=\"og:image\" content=\"https:\/\/pilosa.study\/wp-content\/uploads\/2024\/12\/LearnDash-CourseGrid-Deutsche-Verben-800x450-1.webp\" \/>\n\t<meta property=\"og:image:width\" content=\"800\" \/>\n\t<meta property=\"og:image:height\" content=\"450\" \/>\n\t<meta property=\"og:image:type\" content=\"image\/webp\" \/>\n<meta name=\"twitter:card\" content=\"summary_large_image\" \/>\n<meta name=\"twitter:label1\" content=\"Dur\u00e9e de lecture estim\u00e9e\" \/>\n\t<meta name=\"twitter:data1\" content=\"2 minutes\" \/>\n<script type=\"application\/ld+json\" class=\"yoast-schema-graph\">{\"@context\":\"https:\\\/\\\/schema.org\",\"@graph\":[{\"@type\":\"WebPage\",\"@id\":\"https:\\\/\\\/pilosa.study\\\/produkt\\\/deutsche-verben-niveau-a1-a2\\\/\",\"url\":\"https:\\\/\\\/pilosa.study\\\/produkt\\\/deutsche-verben-niveau-a1-a2\\\/\",\"name\":\"Selbstlernkurs Deutsche Verben Niveau A1\\\/A2\",\"isPartOf\":{\"@id\":\"https:\\\/\\\/pilosa.study\\\/#website\"},\"primaryImageOfPage\":{\"@id\":\"https:\\\/\\\/pilosa.study\\\/produkt\\\/deutsche-verben-niveau-a1-a2\\\/#primaryimage\"},\"image\":{\"@id\":\"https:\\\/\\\/pilosa.study\\\/produkt\\\/deutsche-verben-niveau-a1-a2\\\/#primaryimage\"},\"thumbnailUrl\":\"https:\\\/\\\/pilosa.study\\\/wp-content\\\/uploads\\\/2024\\\/12\\\/LearnDash-CourseGrid-Deutsche-Verben-800x450-1.webp\",\"datePublished\":\"2024-09-23T07:34:45+00:00\",\"dateModified\":\"2025-06-30T12:39:55+00:00\",\"description\":\"Meistere Verben im \\\"Selbstlernkurs Deutsche Verben Niveau A1\\\/A2\\\". Interaktive Aufgaben, mehrsprachige Erkl\u00e4rungen und effektive Lernmethoden.\",\"breadcrumb\":{\"@id\":\"https:\\\/\\\/pilosa.study\\\/produkt\\\/deutsche-verben-niveau-a1-a2\\\/#breadcrumb\"},\"inLanguage\":\"fr-FR\",\"potentialAction\":[{\"@type\":\"ReadAction\",\"target\":[\"https:\\\/\\\/pilosa.study\\\/produkt\\\/deutsche-verben-niveau-a1-a2\\\/\"]}]},{\"@type\":\"ImageObject\",\"inLanguage\":\"fr-FR\",\"@id\":\"https:\\\/\\\/pilosa.study\\\/produkt\\\/deutsche-verben-niveau-a1-a2\\\/#primaryimage\",\"url\":\"https:\\\/\\\/pilosa.study\\\/wp-content\\\/uploads\\\/2024\\\/12\\\/LearnDash-CourseGrid-Deutsche-Verben-800x450-1.webp\",\"contentUrl\":\"https:\\\/\\\/pilosa.study\\\/wp-content\\\/uploads\\\/2024\\\/12\\\/LearnDash-CourseGrid-Deutsche-Verben-800x450-1.webp\",\"width\":800,\"height\":450,\"caption\":\"PILOSA.STUDY - Selbstlernkurs \\\"Deutsche Verben\\\" Niveau A2 | Click to Enrol\"},{\"@type\":\"BreadcrumbList\",\"@id\":\"https:\\\/\\\/pilosa.study\\\/produkt\\\/deutsche-verben-niveau-a1-a2\\\/#breadcrumb\",\"itemListElement\":[{\"@type\":\"ListItem\",\"position\":1,\"name\":\"Home\",\"item\":\"https:\\\/\\\/pilosa.study\\\/\"},{\"@type\":\"ListItem\",\"position\":2,\"name\":\"Shop\",\"item\":\"https:\\\/\\\/pilosa.study\\\/shop\\\/\"},{\"@type\":\"ListItem\",\"position\":3,\"name\":\"Selbstlernkurs Deutsche Verben \u2022 Niveau A1\\\/A2\"}]},{\"@type\":\"WebSite\",\"@id\":\"https:\\\/\\\/pilosa.study\\\/#website\",\"url\":\"https:\\\/\\\/pilosa.study\\\/\",\"name\":\"PILOSA.STUDY\",\"description\":\"Relaxed yet efficient\",\"publisher\":{\"@id\":\"https:\\\/\\\/pilosa.study\\\/#organization\"},\"potentialAction\":[{\"@type\":\"SearchAction\",\"target\":{\"@type\":\"EntryPoint\",\"urlTemplate\":\"https:\\\/\\\/pilosa.study\\\/?s={search_term_string}\"},\"query-input\":{\"@type\":\"PropertyValueSpecification\",\"valueRequired\":true,\"valueName\":\"search_term_string\"}}],\"inLanguage\":\"fr-FR\"},{\"@type\":\"Organization\",\"@id\":\"https:\\\/\\\/pilosa.study\\\/#organization\",\"name\":\"Pilosa\",\"url\":\"https:\\\/\\\/pilosa.study\\\/\",\"logo\":{\"@type\":\"ImageObject\",\"inLanguage\":\"fr-FR\",\"@id\":\"https:\\\/\\\/pilosa.study\\\/#\\\/schema\\\/logo\\\/image\\\/\",\"url\":\"https:\\\/\\\/pilosa.study\\\/wp-content\\\/uploads\\\/2024\\\/11\\\/Pilosa-Badge-Minimal-OHNE-RAND-2-200x200-1.png\",\"contentUrl\":\"https:\\\/\\\/pilosa.study\\\/wp-content\\\/uploads\\\/2024\\\/11\\\/Pilosa-Badge-Minimal-OHNE-RAND-2-200x200-1.png\",\"width\":200,\"height\":200,\"caption\":\"Pilosa\"},\"image\":{\"@id\":\"https:\\\/\\\/pilosa.study\\\/#\\\/schema\\\/logo\\\/image\\\/\"},\"sameAs\":[\"https:\\\/\\\/www.facebook.com\\\/pilosa.study\",\"https:\\\/\\\/youtube.com\\\/@pilosa\",\"https:\\\/\\\/www.instagram.com\\\/pilosa.study\\\/\"]}]}<\/script>\n<!-- \/ Yoast SEO plugin. -->","yoast_head_json":{"title":"Cours d'auto-apprentissage Verbes allemands niveau A1\/A2","description":"Ma\u00eetrise des verbes dans le \"Cours d'autoapprentissage de verbes allemands niveau A1\/A2\". Des exercices interactifs, des explications en plusieurs langues et des m\u00e9thodes d'apprentissage efficaces.","robots":{"index":"index","follow":"follow","max-snippet":"max-snippet:-1","max-image-preview":"max-image-preview:large","max-video-preview":"max-video-preview:-1"},"canonical":"https:\/\/pilosa.study\/fr\/produit\/verbes-allemands-niveau-a1-a2\/","og_locale":"fr_FR","og_type":"article","og_title":"Selbstlernkurs Deutsche Verben Niveau A1\/A2","og_description":"Meistere Verben im \"Selbstlernkurs Deutsche Verben Niveau A1\/A2\". Interaktive Aufgaben, mehrsprachige Erkl\u00e4rungen und effektive Lernmethoden.","og_url":"https:\/\/pilosa.study\/fr\/produit\/verbes-allemands-niveau-a1-a2\/","og_site_name":"PILOSA.STUDY","article_publisher":"https:\/\/www.facebook.com\/pilosa.study","article_modified_time":"2025-06-30T12:39:55+00:00","og_image":[{"width":800,"height":450,"url":"https:\/\/pilosa.study\/wp-content\/uploads\/2024\/12\/LearnDash-CourseGrid-Deutsche-Verben-800x450-1.webp","type":"image\/webp"}],"twitter_card":"summary_large_image","twitter_misc":{"Dur\u00e9e de lecture estim\u00e9e":"2 minutes"},"schema":{"@context":"https:\/\/schema.org","@graph":[{"@type":"WebPage","@id":"https:\/\/pilosa.study\/produkt\/deutsche-verben-niveau-a1-a2\/","url":"https:\/\/pilosa.study\/produkt\/deutsche-verben-niveau-a1-a2\/","name":"Cours d'auto-apprentissage Verbes allemands niveau A1\/A2","isPartOf":{"@id":"https:\/\/pilosa.study\/#website"},"primaryImageOfPage":{"@id":"https:\/\/pilosa.study\/produkt\/deutsche-verben-niveau-a1-a2\/#primaryimage"},"image":{"@id":"https:\/\/pilosa.study\/produkt\/deutsche-verben-niveau-a1-a2\/#primaryimage"},"thumbnailUrl":"https:\/\/pilosa.study\/wp-content\/uploads\/2024\/12\/LearnDash-CourseGrid-Deutsche-Verben-800x450-1.webp","datePublished":"2024-09-23T07:34:45+00:00","dateModified":"2025-06-30T12:39:55+00:00","description":"Ma\u00eetrise des verbes dans le \"Cours d'autoapprentissage de verbes allemands niveau A1\/A2\". Des exercices interactifs, des explications en plusieurs langues et des m\u00e9thodes d'apprentissage efficaces.","breadcrumb":{"@id":"https:\/\/pilosa.study\/produkt\/deutsche-verben-niveau-a1-a2\/#breadcrumb"},"inLanguage":"fr-FR","potentialAction":[{"@type":"ReadAction","target":["https:\/\/pilosa.study\/produkt\/deutsche-verben-niveau-a1-a2\/"]}]},{"@type":"ImageObject","inLanguage":"fr-FR","@id":"https:\/\/pilosa.study\/produkt\/deutsche-verben-niveau-a1-a2\/#primaryimage","url":"https:\/\/pilosa.study\/wp-content\/uploads\/2024\/12\/LearnDash-CourseGrid-Deutsche-Verben-800x450-1.webp","contentUrl":"https:\/\/pilosa.study\/wp-content\/uploads\/2024\/12\/LearnDash-CourseGrid-Deutsche-Verben-800x450-1.webp","width":800,"height":450,"caption":"PILOSA.STUDY - Selbstlernkurs \"Deutsche Verben\" Niveau A2 | Click to Enrol"},{"@type":"BreadcrumbList","@id":"https:\/\/pilosa.study\/produkt\/deutsche-verben-niveau-a1-a2\/#breadcrumb","itemListElement":[{"@type":"ListItem","position":1,"name":"Home","item":"https:\/\/pilosa.study\/"},{"@type":"ListItem","position":2,"name":"Shop","item":"https:\/\/pilosa.study\/shop\/"},{"@type":"ListItem","position":3,"name":"Selbstlernkurs Deutsche Verben \u2022 Niveau A1\/A2"}]},{"@type":"WebSite","@id":"https:\/\/pilosa.study\/#website","url":"https:\/\/pilosa.study\/","name":"PILOSA.STUDY","description":"Relaxed yet efficient","publisher":{"@id":"https:\/\/pilosa.study\/#organization"},"potentialAction":[{"@type":"SearchAction","target":{"@type":"EntryPoint","urlTemplate":"https:\/\/pilosa.study\/?s={search_term_string}"},"query-input":{"@type":"PropertyValueSpecification","valueRequired":true,"valueName":"search_term_string"}}],"inLanguage":"fr-FR"},{"@type":"Organization","@id":"https:\/\/pilosa.study\/#organization","name":"Pilosa","url":"https:\/\/pilosa.study\/","logo":{"@type":"ImageObject","inLanguage":"fr-FR","@id":"https:\/\/pilosa.study\/#\/schema\/logo\/image\/","url":"https:\/\/pilosa.study\/wp-content\/uploads\/2024\/11\/Pilosa-Badge-Minimal-OHNE-RAND-2-200x200-1.png","contentUrl":"https:\/\/pilosa.study\/wp-content\/uploads\/2024\/11\/Pilosa-Badge-Minimal-OHNE-RAND-2-200x200-1.png","width":200,"height":200,"caption":"Pilosa"},"image":{"@id":"https:\/\/pilosa.study\/#\/schema\/logo\/image\/"},"sameAs":["https:\/\/www.facebook.com\/pilosa.study","https:\/\/youtube.com\/@pilosa","https:\/\/www.instagram.com\/pilosa.study\/"]}]}},"taxonomy_info":{"product_cat":[{"value":145,"label":"Deutsch"},{"value":72,"label":"Niveau A"},{"value":69,"label":"Selbstlernkurs"}],"product_tag":[{"value":73,"label":"Deutsch"},{"value":76,"label":"Selbstlernkurs"},{"value":149,"label":"Verben"}]},"featured_image_src_large":["https:\/\/pilosa.study\/wp-content\/uploads\/2024\/12\/LearnDash-CourseGrid-Deutsche-Verben-800x450-1.webp",800,450,false],"author_info":[],"comment_info":0,"_links":{"self":[{"href":"https:\/\/pilosa.study\/fr\/wp-json\/wp\/v2\/product\/9786","targetHints":{"allow":["GET"]}}],"collection":[{"href":"https:\/\/pilosa.study\/fr\/wp-json\/wp\/v2\/product"}],"about":[{"href":"https:\/\/pilosa.study\/fr\/wp-json\/wp\/v2\/types\/product"}],"replies":[{"embeddable":true,"href":"https:\/\/pilosa.study\/fr\/wp-json\/wp\/v2\/comments?post=9786"}],"wp:featuredmedia":[{"embeddable":true,"href":"https:\/\/pilosa.study\/fr\/wp-json\/wp\/v2\/media\/11471"}],"wp:attachment":[{"href":"https:\/\/pilosa.study\/fr\/wp-json\/wp\/v2\/media?parent=9786"}],"wp:term":[{"taxonomy":"product_brand","embeddable":true,"href":"https:\/\/pilosa.study\/fr\/wp-json\/wp\/v2\/product_brand?post=9786"},{"taxonomy":"product_cat","embeddable":true,"href":"https:\/\/pilosa.study\/fr\/wp-json\/wp\/v2\/product_cat?post=9786"},{"taxonomy":"product_tag","embeddable":true,"href":"https:\/\/pilosa.study\/fr\/wp-json\/wp\/v2\/product_tag?post=9786"}],"curies":[{"name":"wp","href":"https:\/\/api.w.org\/{rel}","templated":true}]}}